{"id":5052,"date":"2024-01-19T08:57:42","date_gmt":"2024-01-19T08:57:42","guid":{"rendered":"https:\/\/www.smj.fo\/virkisupplysingar\/"},"modified":"2024-01-19T11:46:10","modified_gmt":"2024-01-19T11:46:10","slug":"virkisupplysingar","status":"publish","type":"page","link":"https:\/\/www.smj.fo\/en\/virkisupplysingar\/","title":{"rendered":"Company Information"},"content":{"rendered":"\n<div class=\"wp-block-cover alignfull has-custom-content-position is-position-bottom-center\" style=\"min-height:40vh;aspect-ratio:unset;\"><span aria-hidden=\"true\" class=\"wp-block-cover__background has-background-dim\"><\/span><img loading=\"lazy\" decoding=\"async\" width=\"2560\" height=\"1707\" class=\"wp-block-cover__image-background wp-image-1867\" alt=\"\" src=\"http:\/\/www.smj.fo\/wp-content\/uploads\/2023\/12\/DSC_9754.jpg\" data-object-fit=\"cover\" srcset=\"https:\/\/www.smj.fo\/wp-content\/uploads\/2023\/12\/DSC_9754.jpg 2560w, https:\/\/www.smj.fo\/wp-content\/uploads\/2023\/12\/DSC_9754-800x533.jpg 800w, https:\/\/www.smj.fo\/wp-content\/uploads\/2023\/12\/DSC_9754-1600x1067.jpg 1600w, https:\/\/www.smj.fo\/wp-content\/uploads\/2023\/12\/DSC_9754-768x512.jpg 768w, https:\/\/www.smj.fo\/wp-content\/uploads\/2023\/12\/DSC_9754-1536x1024.jpg 1536w, https:\/\/www.smj.fo\/wp-content\/uploads\/2023\/12\/DSC_9754-2048x1365.jpg 2048w\" sizes=\"auto, (max-width: 2560px) 100vw, 2560px\" \/><div class=\"wp-block-cover__inner-container is-layout-constrained wp-block-cover-is-layout-constrained\">\n<div class=\"wp-block-columns is-layout-flex wp-container-core-columns-is-layout-9d6595d7 wp-block-columns-is-layout-flex\">\n<div class=\"wp-block-column is-layout-flow wp-block-column-is-layout-flow\">\n<h1 class=\"wp-block-heading\">Company Information<\/h1>\n<\/div>\n<\/div>\n\n\n\n<div class=\"wp-block-group alignwide is-layout-constrained wp-block-group-is-layout-constrained\">\n<div class=\"wp-block-columns alignwide is-layout-flex wp-container-core-columns-is-layout-9d6595d7 wp-block-columns-is-layout-flex\">\n<div class=\"wp-block-column is-layout-flow wp-block-column-is-layout-flow\">\n<div style=\"height:60px\" aria-hidden=\"true\" class=\"wp-block-spacer\"><\/div>\n<\/div>\n<\/div>\n<\/div>\n<\/div><\/div>\n\n\n\n<div style=\"height:32px\" aria-hidden=\"true\" class=\"wp-block-spacer\"><\/div>\n\n\n\n<div class=\"wp-block-columns alignwide is-layout-flex wp-container-core-columns-is-layout-9d6595d7 wp-block-columns-is-layout-flex\">\n<div class=\"wp-block-column is-layout-flow wp-block-column-is-layout-flow\" style=\"flex-basis:10%\"><\/div>\n\n\n\n<div class=\"wp-block-column is-layout-flow wp-block-column-is-layout-flow\">\n<p><strong>P\/F SMJ R\u00e1\u00f0gevandi verkfr\u00f8\u00f0ingar<\/strong><br>Hoyv\u00edksvegur 5<br>Postboks 344<br>FO-110 T\u00f3rshavn<br>Tlf: +298 353500<br>smj@smj.fo<br>V-tal: 524719<\/p>\n<\/div>\n\n\n\n<div class=\"wp-block-column is-layout-flow wp-block-column-is-layout-flow\">\n<p class=\"has-text-align-left\"><strong>Bank Details<\/strong><br>BankNordik<br>6460 \u2013 0001663064<br>SWIFT: FIFB FO TX<br>IBAN:\u00a0 FO08 6460 0001 6630 64<\/p>\n\n\n\n<p class=\"has-text-align-left\">Betri Banki<br>9181 \u2013 0001441169<br>SWIFT: EIKBFOTF<br>IBAN:&nbsp; FO46 9181 0001 4411 69<\/p>\n<\/div>\n\n\n\n<div class=\"wp-block-column is-layout-flow wp-block-column-is-layout-flow\">\n<p><strong>Invoices to SMJ<\/strong><br>Invoices to SMJ should be sent to ean no. 5797202000192 and <a>bokhald@smj.fo<\/a><\/p>\n<\/div>\n\n\n\n<div class=\"wp-block-column is-layout-flow wp-block-column-is-layout-flow\" style=\"flex-basis:10%\"><\/div>\n<\/div>\n\n\n\n<div style=\"height:32px\" aria-hidden=\"true\" class=\"wp-block-spacer\"><\/div>\n\n\n\n<div class=\"wp-block-columns alignwide is-layout-flex wp-container-core-columns-is-layout-9d6595d7 wp-block-columns-is-layout-flex\">\n<div class=\"wp-block-column is-layout-flow wp-block-column-is-layout-flow\">\n<figure class=\"wp-block-image size-full is-resized\"><img loading=\"lazy\" decoding=\"async\" width=\"468\" height=\"311\" src=\"http:\/\/www.smj.fo\/wp-content\/uploads\/2023\/12\/Mynd-2.jpg\" alt=\"\" class=\"wp-image-350\" style=\"width:auto;height:311px\"\/><\/figure>\n\n\n\n<div class=\"wp-block-group no-cut-off has-light-grey-background-color has-background is-layout-constrained wp-block-group-is-layout-constrained\" style=\"padding-top:0px;padding-bottom:0px\">\n<div style=\"height:40px\" aria-hidden=\"true\" class=\"wp-block-spacer\"><\/div>\n\n\n\n<div class=\"wp-block-columns is-layout-flex wp-container-core-columns-is-layout-9d6595d7 wp-block-columns-is-layout-flex\">\n<div class=\"wp-block-column is-layout-flow wp-block-column-is-layout-flow\" style=\"flex-basis:24px\">\n<figure class=\"wp-block-image size-full\"><img loading=\"lazy\" decoding=\"async\" width=\"48\" height=\"48\" src=\"http:\/\/www.smj.fo\/wp-content\/uploads\/2023\/12\/pin-3-1.png\" alt=\"\" class=\"wp-image-356\"\/><\/figure>\n<\/div>\n\n\n\n<div class=\"wp-block-column is-layout-flow wp-block-column-is-layout-flow\" style=\"flex-basis:66.66%\">\n<p><strong>T\u00f3rshavn, Faroe Islands<\/strong><\/p>\n\n\n\n<div style=\"height:4px\" aria-hidden=\"true\" class=\"wp-block-spacer\"><\/div>\n\n\n\n<p>Hoyv\u00edksvegur 5<br>100 T\u00f3rshavn<\/p>\n<\/div>\n<\/div>\n\n\n\n<div style=\"height:24px\" aria-hidden=\"true\" class=\"wp-block-spacer\"><\/div>\n\n\n\n<div class=\"wp-block-columns is-layout-flex wp-container-core-columns-is-layout-9d6595d7 wp-block-columns-is-layout-flex\">\n<div class=\"wp-block-column is-layout-flow wp-block-column-is-layout-flow\" style=\"flex-basis:24px\">\n<figure class=\"wp-block-image size-full\"><img loading=\"lazy\" decoding=\"async\" width=\"48\" height=\"48\" src=\"http:\/\/www.smj.fo\/wp-content\/uploads\/2023\/12\/phone-button-1.png\" alt=\"\" class=\"wp-image-353\"\/><\/figure>\n<\/div>\n\n\n\n<div class=\"wp-block-column is-layout-flow wp-block-column-is-layout-flow\" style=\"flex-basis:66.66%\">\n<p>+298 35 35 00<\/p>\n<\/div>\n<\/div>\n\n\n\n<div style=\"height:40px\" aria-hidden=\"true\" class=\"wp-block-spacer\"><\/div>\n<\/div>\n\n\n\n<div id=\"link-wrapper_block_17a9b706d145f7428260551fde332574\" class=\"lunnar-link-wrapper\">\n    <div class=\"link-wrapper--link\" data-link=\"https:\/\/maps.app.goo.gl\/tv2nyT3fGYFCQLUc9\">\n        <div class=\"acf-innerblocks-container\">\n\n<figure class=\"wp-block-image size-full is-resized\"><img loading=\"lazy\" decoding=\"async\" width=\"468\" height=\"275\" src=\"http:\/\/www.smj.fo\/wp-content\/uploads\/2023\/12\/1-Kort.jpg\" alt=\"\" class=\"wp-image-335\" style=\"width:auto;height:275px\"\/><\/figure>\n\n<\/div>\n    <\/div>\n<\/div><\/div>\n\n\n\n<div class=\"wp-block-column is-layout-flow wp-block-column-is-layout-flow\">\n<figure class=\"wp-block-image size-full is-resized\"><img loading=\"lazy\" decoding=\"async\" width=\"2560\" height=\"1440\" src=\"http:\/\/www.smj.fo\/wp-content\/uploads\/2023\/12\/2021-06-09-11.47.48.jpg\" alt=\"\" class=\"wp-image-2280\" style=\"object-fit:cover;width:470px;height:311px\" srcset=\"https:\/\/www.smj.fo\/wp-content\/uploads\/2023\/12\/2021-06-09-11.47.48.jpg 2560w, https:\/\/www.smj.fo\/wp-content\/uploads\/2023\/12\/2021-06-09-11.47.48-800x450.jpg 800w, https:\/\/www.smj.fo\/wp-content\/uploads\/2023\/12\/2021-06-09-11.47.48-1600x900.jpg 1600w, https:\/\/www.smj.fo\/wp-content\/uploads\/2023\/12\/2021-06-09-11.47.48-768x432.jpg 768w, https:\/\/www.smj.fo\/wp-content\/uploads\/2023\/12\/2021-06-09-11.47.48-1536x864.jpg 1536w, https:\/\/www.smj.fo\/wp-content\/uploads\/2023\/12\/2021-06-09-11.47.48-2048x1152.jpg 2048w\" sizes=\"auto, (max-width: 2560px) 100vw, 2560px\" \/><\/figure>\n\n\n\n<div class=\"wp-block-group no-cut-off has-light-grey-background-color has-background is-layout-constrained wp-block-group-is-layout-constrained\" style=\"padding-top:0px;padding-bottom:0px\">\n<div style=\"height:40px\" aria-hidden=\"true\" class=\"wp-block-spacer\"><\/div>\n\n\n\n<div class=\"wp-block-columns is-layout-flex wp-container-core-columns-is-layout-9d6595d7 wp-block-columns-is-layout-flex\">\n<div class=\"wp-block-column is-layout-flow wp-block-column-is-layout-flow\" style=\"flex-basis:24px\">\n<figure class=\"wp-block-image size-full\"><img loading=\"lazy\" decoding=\"async\" width=\"48\" height=\"48\" src=\"http:\/\/www.smj.fo\/wp-content\/uploads\/2023\/12\/pin-3-1.png\" alt=\"\" class=\"wp-image-356\"\/><\/figure>\n<\/div>\n\n\n\n<div class=\"wp-block-column is-layout-flow wp-block-column-is-layout-flow\" style=\"flex-basis:66.66%\">\n<p><strong>Klaksv\u00edk, Faroe Islands<\/strong><\/p>\n\n\n\n<div style=\"height:4px\" aria-hidden=\"true\" class=\"wp-block-spacer\"><\/div>\n\n\n\n<p>Klaksv\u00edksvegur 77<br>700 Klaksv\u00edk<\/p>\n<\/div>\n<\/div>\n\n\n\n<div style=\"height:24px\" aria-hidden=\"true\" class=\"wp-block-spacer\"><\/div>\n\n\n\n<div class=\"wp-block-columns is-layout-flex wp-container-core-columns-is-layout-9d6595d7 wp-block-columns-is-layout-flex\">\n<div class=\"wp-block-column is-layout-flow wp-block-column-is-layout-flow\" style=\"flex-basis:24px\">\n<figure class=\"wp-block-image size-full\"><img loading=\"lazy\" decoding=\"async\" width=\"48\" height=\"48\" src=\"http:\/\/www.smj.fo\/wp-content\/uploads\/2023\/12\/phone-button-1.png\" alt=\"\" class=\"wp-image-353\"\/><\/figure>\n<\/div>\n\n\n\n<div class=\"wp-block-column is-layout-flow wp-block-column-is-layout-flow\" style=\"flex-basis:66.66%\">\n<p>+298 35 35 00<\/p>\n<\/div>\n<\/div>\n\n\n\n<div style=\"height:40px\" aria-hidden=\"true\" class=\"wp-block-spacer\"><\/div>\n<\/div>\n\n\n\n<div id=\"link-wrapper_block_da7a8414a9aecdf27c7e4cf853993af6\" class=\"lunnar-link-wrapper\">\n    <div class=\"link-wrapper--link\" data-link=\"https:\/\/maps.app.goo.gl\/tVUL3t32rbPuUq3n8\">\n        <div class=\"acf-innerblocks-container\">\n\n<figure class=\"wp-block-image size-full is-resized\"><img loading=\"lazy\" decoding=\"async\" width=\"468\" height=\"275\" src=\"http:\/\/www.smj.fo\/wp-content\/uploads\/2023\/12\/2-Kort.jpg\" alt=\"\" class=\"wp-image-338\" style=\"width:auto;height:275px\"\/><\/figure>\n\n<\/div>\n    <\/div>\n<\/div><\/div>\n\n\n\n<div class=\"wp-block-column is-layout-flow wp-block-column-is-layout-flow\">\n<figure class=\"wp-block-image size-full is-resized\"><img loading=\"lazy\" decoding=\"async\" width=\"468\" height=\"311\" src=\"http:\/\/www.smj.fo\/wp-content\/uploads\/2023\/12\/4-Mynd.jpg\" alt=\"\" class=\"wp-image-347\" style=\"width:auto;height:311px\"\/><\/figure>\n\n\n\n<div class=\"wp-block-group no-cut-off has-light-grey-background-color has-background is-layout-constrained wp-block-group-is-layout-constrained\" style=\"padding-top:0px;padding-bottom:0px\">\n<div style=\"height:40px\" aria-hidden=\"true\" class=\"wp-block-spacer\"><\/div>\n\n\n\n<div class=\"wp-block-columns is-layout-flex wp-container-core-columns-is-layout-9d6595d7 wp-block-columns-is-layout-flex\">\n<div class=\"wp-block-column is-layout-flow wp-block-column-is-layout-flow\" style=\"flex-basis:24px\">\n<figure class=\"wp-block-image size-full\"><img loading=\"lazy\" decoding=\"async\" width=\"48\" height=\"48\" src=\"http:\/\/www.smj.fo\/wp-content\/uploads\/2023\/12\/pin-3-1.png\" alt=\"\" class=\"wp-image-356\"\/><\/figure>\n<\/div>\n\n\n\n<div class=\"wp-block-column is-layout-flow wp-block-column-is-layout-flow\" style=\"flex-basis:66.66%\">\n<p><strong>Copenhagen, Denmark<\/strong><\/p>\n\n\n\n<div style=\"height:4px\" aria-hidden=\"true\" class=\"wp-block-spacer\"><\/div>\n\n\n\n<p>Digevej 114<br>2300 K\u00f8benhavn S<\/p>\n<\/div>\n<\/div>\n\n\n\n<div style=\"height:24px\" aria-hidden=\"true\" class=\"wp-block-spacer\"><\/div>\n\n\n\n<div class=\"wp-block-columns is-layout-flex wp-container-core-columns-is-layout-9d6595d7 wp-block-columns-is-layout-flex\">\n<div class=\"wp-block-column is-layout-flow wp-block-column-is-layout-flow\" style=\"flex-basis:24px\">\n<figure class=\"wp-block-image size-full\"><img loading=\"lazy\" decoding=\"async\" width=\"48\" height=\"48\" src=\"http:\/\/www.smj.fo\/wp-content\/uploads\/2023\/12\/phone-button-1.png\" alt=\"\" class=\"wp-image-353\"\/><\/figure>\n<\/div>\n\n\n\n<div class=\"wp-block-column is-layout-flow wp-block-column-is-layout-flow\" style=\"flex-basis:66.66%\">\n<p>+45 92 90 92 00<\/p>\n<\/div>\n<\/div>\n\n\n\n<div style=\"height:40px\" aria-hidden=\"true\" class=\"wp-block-spacer\"><\/div>\n<\/div>\n\n\n\n<div id=\"link-wrapper_block_568a6bad959f004c7433ee4dca6a017e\" class=\"lunnar-link-wrapper\">\n    <div class=\"link-wrapper--link\" data-link=\"https:\/\/maps.app.goo.gl\/R8RZSKMxqzRfF1v4A\">\n        <div class=\"acf-innerblocks-container\">\n\n<figure class=\"wp-block-image size-full is-resized\"><img loading=\"lazy\" decoding=\"async\" width=\"468\" height=\"275\" src=\"http:\/\/www.smj.fo\/wp-content\/uploads\/2023\/12\/3-Kort.jpg\" alt=\"\" class=\"wp-image-341\" style=\"width:auto;height:275px\"\/><\/figure>\n\n<\/div>\n    <\/div>\n<\/div><\/div>\n<\/div>\n\n\n\n<div style=\"height:200px\" aria-hidden=\"true\" class=\"wp-block-spacer\"><\/div>\n","protected":false},"excerpt":{"rendered":"<p>P\/F SMJ R\u00e1\u00f0gevandi verkfr\u00f8\u00f0ingarHoyv\u00edksvegur 5Postboks 344FO-110 T\u00f3rshavnTlf: +298 353500smj@smj.foV-tal: 524719 Bank DetailsBankNordik6460 \u2013 0001663064SWIFT: FIFB FO TXIBAN:\u00a0 FO08 6460 0001 6630 64 Betri Banki9181 \u2013 0001441169SWIFT: EIKBFOTFIBAN:&nbsp; FO46 9181 0001 4411 69 Invoices to SMJInvoices to SMJ should be sent to ean no. 5797202000192 and bokhald@smj.fo T\u00f3rshavn, Faroe Islands Hoyv\u00edksvegur 5100 T\u00f3rshavn +298 35 35 [&hellip;]<\/p>\n","protected":false},"author":3,"featured_media":2702,"parent":0,"menu_order":0,"comment_status":"closed","ping_status":"closed","template":"","meta":{"_acf_changed":false,"footnotes":""},"class_list":["post-5052","page","type-page","status-publish","has-post-thumbnail","hentry"],"acf":[],"yoast_head":"<!-- This site is optimized with the Yoast SEO plugin v27.3 - https:\/\/yoast.com\/product\/yoast-seo-wordpress\/ -->\n<title>Company Information - SMJ<\/title>\n<meta name=\"robots\" content=\"index, follow, max-snippet:-1, max-image-preview:large, max-video-preview:-1\" \/>\n<link rel=\"canonical\" href=\"https:\/\/www.smj.fo\/en\/virkisupplysingar\/\" \/>\n<meta property=\"og:locale\" content=\"en_US\" \/>\n<meta property=\"og:type\" content=\"article\" \/>\n<meta property=\"og:title\" content=\"Company Information - SMJ\" \/>\n<meta property=\"og:description\" content=\"P\/F SMJ R\u00e1\u00f0gevandi verkfr\u00f8\u00f0ingarHoyv\u00edksvegur 5Postboks 344FO-110 T\u00f3rshavnTlf: +298 353500smj@smj.foV-tal: 524719 Bank DetailsBankNordik6460 \u2013 0001663064SWIFT: FIFB FO TXIBAN:\u00a0 FO08 6460 0001 6630 64 Betri Banki9181 \u2013 0001441169SWIFT: EIKBFOTFIBAN:&nbsp; FO46 9181 0001 4411 69 Invoices to SMJInvoices to SMJ should be sent to ean no. 5797202000192 and bokhald@smj.fo T\u00f3rshavn, Faroe Islands Hoyv\u00edksvegur 5100 T\u00f3rshavn +298 35 35 [&hellip;]\" \/>\n<meta property=\"og:url\" content=\"https:\/\/www.smj.fo\/en\/virkisupplysingar\/\" \/>\n<meta property=\"og:site_name\" content=\"SMJ\" \/>\n<meta property=\"article:modified_time\" content=\"2024-01-19T11:46:10+00:00\" \/>\n<meta property=\"og:image\" content=\"http:\/\/www.smj.fo\/wp-content\/uploads\/2023\/12\/DSC_9775-1600x1067.jpg\" \/>\n\t<meta property=\"og:image:width\" content=\"1600\" \/>\n\t<meta property=\"og:image:height\" content=\"1067\" \/>\n\t<meta property=\"og:image:type\" content=\"image\/jpeg\" \/>\n<meta name=\"twitter:card\" content=\"summary_large_image\" \/>\n<meta name=\"twitter:label1\" content=\"Est. reading time\" \/>\n\t<meta name=\"twitter:data1\" content=\"4 minutes\" \/>\n<script type=\"application\/ld+json\" class=\"yoast-schema-graph\">{\"@context\":\"https:\\\/\\\/schema.org\",\"@graph\":[{\"@type\":\"WebPage\",\"@id\":\"https:\\\/\\\/www.smj.fo\\\/en\\\/virkisupplysingar\\\/\",\"url\":\"https:\\\/\\\/www.smj.fo\\\/en\\\/virkisupplysingar\\\/\",\"name\":\"Company Information - SMJ\",\"isPartOf\":{\"@id\":\"https:\\\/\\\/www.smj.fo\\\/en\\\/#website\"},\"primaryImageOfPage\":{\"@id\":\"https:\\\/\\\/www.smj.fo\\\/en\\\/virkisupplysingar\\\/#primaryimage\"},\"image\":{\"@id\":\"https:\\\/\\\/www.smj.fo\\\/en\\\/virkisupplysingar\\\/#primaryimage\"},\"thumbnailUrl\":\"https:\\\/\\\/www.smj.fo\\\/wp-content\\\/uploads\\\/2023\\\/12\\\/DSC_9775.jpg\",\"datePublished\":\"2024-01-19T08:57:42+00:00\",\"dateModified\":\"2024-01-19T11:46:10+00:00\",\"breadcrumb\":{\"@id\":\"https:\\\/\\\/www.smj.fo\\\/en\\\/virkisupplysingar\\\/#breadcrumb\"},\"inLanguage\":\"en-US\",\"potentialAction\":[{\"@type\":\"ReadAction\",\"target\":[\"https:\\\/\\\/www.smj.fo\\\/en\\\/virkisupplysingar\\\/\"]}]},{\"@type\":\"ImageObject\",\"inLanguage\":\"en-US\",\"@id\":\"https:\\\/\\\/www.smj.fo\\\/en\\\/virkisupplysingar\\\/#primaryimage\",\"url\":\"https:\\\/\\\/www.smj.fo\\\/wp-content\\\/uploads\\\/2023\\\/12\\\/DSC_9775.jpg\",\"contentUrl\":\"https:\\\/\\\/www.smj.fo\\\/wp-content\\\/uploads\\\/2023\\\/12\\\/DSC_9775.jpg\",\"width\":8129,\"height\":5419},{\"@type\":\"BreadcrumbList\",\"@id\":\"https:\\\/\\\/www.smj.fo\\\/en\\\/virkisupplysingar\\\/#breadcrumb\",\"itemListElement\":[{\"@type\":\"ListItem\",\"position\":1,\"name\":\"Home\",\"item\":\"https:\\\/\\\/www.smj.fo\\\/en\\\/\"},{\"@type\":\"ListItem\",\"position\":2,\"name\":\"Company Information\"}]},{\"@type\":\"WebSite\",\"@id\":\"https:\\\/\\\/www.smj.fo\\\/en\\\/#website\",\"url\":\"https:\\\/\\\/www.smj.fo\\\/en\\\/\",\"name\":\"SMJ\",\"description\":\"\",\"potentialAction\":[{\"@type\":\"SearchAction\",\"target\":{\"@type\":\"EntryPoint\",\"urlTemplate\":\"https:\\\/\\\/www.smj.fo\\\/en\\\/?s={search_term_string}\"},\"query-input\":{\"@type\":\"PropertyValueSpecification\",\"valueRequired\":true,\"valueName\":\"search_term_string\"}}],\"inLanguage\":\"en-US\"}]}<\/script>\n<!-- \/ Yoast SEO plugin. -->","yoast_head_json":{"title":"Company Information - SMJ","robots":{"index":"index","follow":"follow","max-snippet":"max-snippet:-1","max-image-preview":"max-image-preview:large","max-video-preview":"max-video-preview:-1"},"canonical":"https:\/\/www.smj.fo\/en\/virkisupplysingar\/","og_locale":"en_US","og_type":"article","og_title":"Company Information - SMJ","og_description":"P\/F SMJ R\u00e1\u00f0gevandi verkfr\u00f8\u00f0ingarHoyv\u00edksvegur 5Postboks 344FO-110 T\u00f3rshavnTlf: +298 353500smj@smj.foV-tal: 524719 Bank DetailsBankNordik6460 \u2013 0001663064SWIFT: FIFB FO TXIBAN:\u00a0 FO08 6460 0001 6630 64 Betri Banki9181 \u2013 0001441169SWIFT: EIKBFOTFIBAN:&nbsp; FO46 9181 0001 4411 69 Invoices to SMJInvoices to SMJ should be sent to ean no. 5797202000192 and bokhald@smj.fo T\u00f3rshavn, Faroe Islands Hoyv\u00edksvegur 5100 T\u00f3rshavn +298 35 35 [&hellip;]","og_url":"https:\/\/www.smj.fo\/en\/virkisupplysingar\/","og_site_name":"SMJ","article_modified_time":"2024-01-19T11:46:10+00:00","og_image":[{"width":1600,"height":1067,"url":"http:\/\/www.smj.fo\/wp-content\/uploads\/2023\/12\/DSC_9775-1600x1067.jpg","type":"image\/jpeg"}],"twitter_card":"summary_large_image","twitter_misc":{"Est. reading time":"4 minutes"},"schema":{"@context":"https:\/\/schema.org","@graph":[{"@type":"WebPage","@id":"https:\/\/www.smj.fo\/en\/virkisupplysingar\/","url":"https:\/\/www.smj.fo\/en\/virkisupplysingar\/","name":"Company Information - SMJ","isPartOf":{"@id":"https:\/\/www.smj.fo\/en\/#website"},"primaryImageOfPage":{"@id":"https:\/\/www.smj.fo\/en\/virkisupplysingar\/#primaryimage"},"image":{"@id":"https:\/\/www.smj.fo\/en\/virkisupplysingar\/#primaryimage"},"thumbnailUrl":"https:\/\/www.smj.fo\/wp-content\/uploads\/2023\/12\/DSC_9775.jpg","datePublished":"2024-01-19T08:57:42+00:00","dateModified":"2024-01-19T11:46:10+00:00","breadcrumb":{"@id":"https:\/\/www.smj.fo\/en\/virkisupplysingar\/#breadcrumb"},"inLanguage":"en-US","potentialAction":[{"@type":"ReadAction","target":["https:\/\/www.smj.fo\/en\/virkisupplysingar\/"]}]},{"@type":"ImageObject","inLanguage":"en-US","@id":"https:\/\/www.smj.fo\/en\/virkisupplysingar\/#primaryimage","url":"https:\/\/www.smj.fo\/wp-content\/uploads\/2023\/12\/DSC_9775.jpg","contentUrl":"https:\/\/www.smj.fo\/wp-content\/uploads\/2023\/12\/DSC_9775.jpg","width":8129,"height":5419},{"@type":"BreadcrumbList","@id":"https:\/\/www.smj.fo\/en\/virkisupplysingar\/#breadcrumb","itemListElement":[{"@type":"ListItem","position":1,"name":"Home","item":"https:\/\/www.smj.fo\/en\/"},{"@type":"ListItem","position":2,"name":"Company Information"}]},{"@type":"WebSite","@id":"https:\/\/www.smj.fo\/en\/#website","url":"https:\/\/www.smj.fo\/en\/","name":"SMJ","description":"","potentialAction":[{"@type":"SearchAction","target":{"@type":"EntryPoint","urlTemplate":"https:\/\/www.smj.fo\/en\/?s={search_term_string}"},"query-input":{"@type":"PropertyValueSpecification","valueRequired":true,"valueName":"search_term_string"}}],"inLanguage":"en-US"}]}},"_links":{"self":[{"href":"https:\/\/www.smj.fo\/en\/wp-json\/wp\/v2\/pages\/5052","targetHints":{"allow":["GET"]}}],"collection":[{"href":"https:\/\/www.smj.fo\/en\/wp-json\/wp\/v2\/pages"}],"about":[{"href":"https:\/\/www.smj.fo\/en\/wp-json\/wp\/v2\/types\/page"}],"author":[{"embeddable":true,"href":"https:\/\/www.smj.fo\/en\/wp-json\/wp\/v2\/users\/3"}],"replies":[{"embeddable":true,"href":"https:\/\/www.smj.fo\/en\/wp-json\/wp\/v2\/comments?post=5052"}],"version-history":[{"count":3,"href":"https:\/\/www.smj.fo\/en\/wp-json\/wp\/v2\/pages\/5052\/revisions"}],"predecessor-version":[{"id":5057,"href":"https:\/\/www.smj.fo\/en\/wp-json\/wp\/v2\/pages\/5052\/revisions\/5057"}],"wp:featuredmedia":[{"embeddable":true,"href":"https:\/\/www.smj.fo\/en\/wp-json\/wp\/v2\/media\/2702"}],"wp:attachment":[{"href":"https:\/\/www.smj.fo\/en\/wp-json\/wp\/v2\/media?parent=5052"}],"curies":[{"name":"wp","href":"https:\/\/api.w.org\/{rel}","templated":true}]}}