{"id":4222,"date":"2023-12-06T12:19:55","date_gmt":"2023-12-06T12:19:55","guid":{"rendered":"https:\/\/www.smj.fo\/?page_id=4222"},"modified":"2024-07-27T12:17:18","modified_gmt":"2024-07-27T11:17:18","slug":"starvsleid","status":"publish","type":"page","link":"https:\/\/www.smj.fo\/en\/starvsleid\/","title":{"rendered":"Career"},"content":{"rendered":"<div id=\"video-background_block_b6ca5b6585a35753d17a6ea2922dc320\" class=\"lunnar-video-background alignfull\">\n    \n            <div class=\"video-placeholder\" data-video-src=\"https:\/\/player.vimeo.com\/progressive_redirect\/playback\/897139340\/rendition\/1080p\/file.mp4?loc=external&#038;log_user=0&#038;signature=a830f90bb6803110e70caad83deb10f7ab6c63c045ded5901617d411f60ad7e8\" style=\"\">\n            <!-- You can add a thumbnail or any placeholder content here -->\n        <\/div>\n\n        \n        <div class=\"lunnar-video-background--content\" style=\"\">\n            <div class=\"acf-innerblocks-container\">\n\n<div class=\"wp-block-cover alignfull is-light has-custom-content-position is-position-bottom-center has-white-color has-text-color has-link-color wp-elements-ac82c2381fa8bc75a6ac92b37604eb09\" style=\"min-height:760px;aspect-ratio:unset;\"><span aria-hidden=\"true\" class=\"wp-block-cover__background has-background-dim-30 has-background-dim\"><\/span><div class=\"wp-block-cover__inner-container is-layout-constrained wp-block-cover-is-layout-constrained\">\n<div class=\"wp-block-columns are-vertically-aligned-bottom is-layout-flex wp-container-core-columns-is-layout-9d6595d7 wp-block-columns-is-layout-flex\">\n<div class=\"wp-block-column is-vertically-aligned-bottom is-layout-flow wp-block-column-is-layout-flow\">\n<h1 class=\"wp-block-heading\">Career<\/h1>\n<\/div>\n\n\n\n<div class=\"wp-block-column is-vertically-aligned-bottom is-layout-flow wp-block-column-is-layout-flow\">\n<p><br>At SMJ, it&#8217;s all about providing you with the best conditions to thrive in your role. Expertise, well-being, and a supportive environment are at the heart of what we do.<\/p>\n<\/div>\n<\/div>\n\n\n\n<div style=\"height:60px\" aria-hidden=\"true\" class=\"wp-block-spacer\"><\/div>\n<\/div><\/div>\n\n<\/div>\n        <\/div>\n    \n<\/div>\n\n\n<div style=\"height:69px\" aria-hidden=\"true\" class=\"wp-block-spacer\"><\/div>\n\n\n\n<div class=\"wp-block-columns is-layout-flex wp-container-core-columns-is-layout-9d6595d7 wp-block-columns-is-layout-flex\">\n<div class=\"wp-block-column is-layout-flow wp-block-column-is-layout-flow\" style=\"flex-basis:33.33%\">\n<h2 class=\"wp-block-heading\">Our Staff<\/h2>\n\n\n\n<p>The SMJ team is diverse, ranging from young talents to experienced professionals, hailing from various countries. We place great emphasis on fostering strong team cohesion. Our employees often enjoy long tenures with the company, making them highly regarded by potential future employers.<\/p>\n\n\n\n<p>Our staff take significant responsibility, enjoy considerable freedom, and benefit from favorable working conditions.<\/p>\n<\/div>\n\n\n\n<div class=\"wp-block-column is-layout-flow wp-block-column-is-layout-flow\" style=\"flex-basis:66.66%\">\n<h2 class=\"wp-block-heading\" style=\"font-style:normal;font-weight:400\">We change society \u2013 one project at a time. We create conditions for better resource utilization, for comfort in buildings, and ensure efficient production in industrial facilities with minimal environmental impact.<\/h2>\n<\/div>\n<\/div>\n\n\n\n<div style=\"height:100px\" aria-hidden=\"true\" class=\"wp-block-spacer\"><\/div>\n\n\n\n<div class=\"wp-block-columns is-layout-flex wp-container-core-columns-is-layout-9d6595d7 wp-block-columns-is-layout-flex\">\n<div class=\"wp-block-column is-layout-flow wp-block-column-is-layout-flow\">\n<figure class=\"wp-block-image size-full quote\"><img loading=\"lazy\" decoding=\"async\" width=\"2560\" height=\"2386\" src=\"http:\/\/www.smj.fo\/wp-content\/uploads\/2023\/12\/DSC_9775-portrait.jpg\" alt=\"\" class=\"wp-image-2769\" srcset=\"https:\/\/www.smj.fo\/wp-content\/uploads\/2023\/12\/DSC_9775-portrait.jpg 2560w, https:\/\/www.smj.fo\/wp-content\/uploads\/2023\/12\/DSC_9775-portrait-800x746.jpg 800w, https:\/\/www.smj.fo\/wp-content\/uploads\/2023\/12\/DSC_9775-portrait-1600x1491.jpg 1600w, https:\/\/www.smj.fo\/wp-content\/uploads\/2023\/12\/DSC_9775-portrait-768x716.jpg 768w, https:\/\/www.smj.fo\/wp-content\/uploads\/2023\/12\/DSC_9775-portrait-1536x1432.jpg 1536w, https:\/\/www.smj.fo\/wp-content\/uploads\/2023\/12\/DSC_9775-portrait-2048x1909.jpg 2048w\" sizes=\"auto, (max-width: 2560px) 100vw, 2560px\" \/><figcaption class=\"wp-element-caption\">According to Petur Martin, the tasks he undertakes are both exciting and enriching. He is involved in projects in Iceland, Denmark, and the Faroe Islands. He enjoys the occasional work-related travel, which allows him to meet new people and experience different cultures.<\/figcaption><\/figure>\n<\/div>\n\n\n\n<div class=\"wp-block-column is-layout-flow wp-block-column-is-layout-flow\" style=\"flex-basis:50px\"><\/div>\n\n\n\n<div class=\"wp-block-column is-vertically-aligned-center is-layout-flow wp-block-column-is-layout-flow\">\n<h2 class=\"wp-block-heading\">Meet Petur Martin<\/h2>\n\n\n\n<p>Petur Martin joined KJ-Elr\u00e1\u00f0 in 2008 and has been a part of the company ever since, including after KJ-Elr\u00e5d merged with SMJ in 2014.<\/p>\n\n\n\n<p>On a daily basis, Petur Martin works on project management, automation, such as BMS\/CTS and SRO, and general electrical engineering.<\/p>\n\n\n\n<p>At times, project management takes precedence, where his responsibilities often include coordinating and planning, as well as communicating with clients and the industry at large. Other times, he gets the opportunity to delve deeper into his area of expertise. He says the best part of working at SMJ is the variety and the exciting, challenging nature of the tasks.<\/p>\n\n\n\n<p>Petur Martin has been part of the journey from when there were only three people at KJ-Elr\u00e5d to now, where he has over 50 colleagues, including those in different countries. He describes the journey as thrilling and rewarding, and he is proud to have been part of the growth over the past years.<\/p>\n<\/div>\n<\/div>\n\n\n\n<div style=\"height:160px\" aria-hidden=\"true\" class=\"wp-block-spacer\"><\/div>\n\n\n\n<div class=\"wp-block-columns is-layout-flex wp-container-core-columns-is-layout-9d6595d7 wp-block-columns-is-layout-flex\">\n<div class=\"wp-block-column is-vertically-aligned-center is-layout-flow wp-block-column-is-layout-flow\">\n<h2 class=\"wp-block-heading\">Meet Kristian<\/h2>\n\n\n\n<p>Kristian is an engineer based at the T\u00f3rshavn office. He graduated as a mechanical engineer from Aarhus University and joined SMJ as an intern in 2020, later securing a permanent position.<\/p>\n\n\n\n<p>Kristian&#8217;s daily work revolves around aquaculture projects, where he contributes to designing RAS (Recirculating Aquaculture Systems) and supporting systems for smolt stations in the Faroe Islands and neighboring countries. Leveraging his education, Kristian has developed the skills to take on significant responsibility in constructing systems at smolt stations.<\/p>\n\n\n\n<p>He is particularly skilled in BIM (Building Information Modeling), where, among other responsibilities, he plays a major role in how SMJ utilizes tools like Revit. Early in his tenure, Kristian demonstrated initiative and courage in leading this area and now assists his colleagues daily with BIM\/ICT issues. He is responsible for the internal BIM\/ICT network group.<\/p>\n<\/div>\n\n\n\n<div class=\"wp-block-column is-layout-flow wp-block-column-is-layout-flow\" style=\"flex-basis:50px\"><\/div>\n\n\n\n<div class=\"wp-block-column is-layout-flow wp-block-column-is-layout-flow\">\n<figure class=\"wp-block-image size-large quote caption-left\"><img loading=\"lazy\" decoding=\"async\" width=\"1600\" height=\"1361\" src=\"http:\/\/www.smj.fo\/wp-content\/uploads\/2023\/12\/DSC_9740-1-e1703014428558-1600x1361.jpg\" alt=\"\" class=\"wp-image-2710\" srcset=\"https:\/\/www.smj.fo\/wp-content\/uploads\/2023\/12\/DSC_9740-1-e1703014428558-1600x1361.jpg 1600w, https:\/\/www.smj.fo\/wp-content\/uploads\/2023\/12\/DSC_9740-1-e1703014428558-800x681.jpg 800w, https:\/\/www.smj.fo\/wp-content\/uploads\/2023\/12\/DSC_9740-1-e1703014428558-768x653.jpg 768w, https:\/\/www.smj.fo\/wp-content\/uploads\/2023\/12\/DSC_9740-1-e1703014428558-1536x1307.jpg 1536w, https:\/\/www.smj.fo\/wp-content\/uploads\/2023\/12\/DSC_9740-1-e1703014428558.jpg 2005w\" sizes=\"auto, (max-width: 1600px) 100vw, 1600px\" \/><figcaption class=\"wp-element-caption\">Kristian finds the variety of interesting tasks rewarding. He praises the excellent working conditions at SMJ and the positive workplace culture. According to him, there&#8217;s a balance between the seriousness of the work and moments of fun.<\/figcaption><\/figure>\n<\/div>\n<\/div>\n\n\n\n<div style=\"height:100px\" aria-hidden=\"true\" class=\"wp-block-spacer\"><\/div>\n\n\n\n<h2 class=\"wp-block-heading alignwide\">T\u00ednir fyrimunir<\/h2>\n\n\n\n<div class=\"wp-block-columns alignwide is-layout-flex wp-container-core-columns-is-layout-9d6595d7 wp-block-columns-is-layout-flex\">\n<div class=\"wp-block-column has-light-grey-background-color has-background is-layout-flow wp-block-column-is-layout-flow\" style=\"padding-top:80px;padding-right:24px;padding-bottom:80px;padding-left:24px\">\n<h2 class=\"wp-block-heading\"><strong>Employee Advantages<\/strong><\/h2>\n\n\n\n<p>We provide not only competitive salaries and robust insurance plans, but also a harmonious work-life balance. Our commitment extends to ensuring an optimal work environment for all our staff.<\/p>\n\n\n\n<p>Relish the opportunity for ample relaxation with at least six weeks of annual vacation. Additionally, we offer flexible working hours to accommodate your personal needs.<\/p>\n<\/div>\n\n\n\n<div class=\"wp-block-column has-light-grey-background-color has-background is-layout-flow wp-block-column-is-layout-flow\" style=\"padding-top:80px;padding-right:24px;padding-bottom:80px;padding-left:24px\">\n<h2 class=\"wp-block-heading\"><strong><strong>Career Development<\/strong><\/strong><\/h2>\n\n\n\n<p>At SMJ, we believe that your personal development is integral to our collective success. Your objectives and the challenges of each project are thoughtfully aligned, providing you with a rich tapestry of experiences to advance your career.<\/p>\n<\/div>\n\n\n\n<div class=\"wp-block-column has-light-grey-background-color has-background is-layout-flow wp-block-column-is-layout-flow\" style=\"padding-top:80px;padding-right:24px;padding-bottom:80px;padding-left:24px\">\n<h2 class=\"wp-block-heading\"><strong>Making a Difference<\/strong><\/h2>\n\n\n\n<p>Joining our team means being a part of a larger movement \u2013 one that shapes the world, one project at a time. Your unique contributions are crucial in fostering innovation, sustainability, and excellence. Together, we achieve these goals alongside our valued clients across the Nordic region.<\/p>\n<\/div>\n<\/div>\n\n\n\n<div style=\"height:100px\" aria-hidden=\"true\" class=\"wp-block-spacer\"><\/div>\n\n\n\n<div class=\"wp-block-media-text is-stacked-on-mobile\"><figure class=\"wp-block-media-text__media\"><img loading=\"lazy\" decoding=\"async\" width=\"1600\" height=\"1066\" src=\"http:\/\/www.smj.fo\/wp-content\/uploads\/2024\/07\/DSC_3957-1600x1066.jpg\" alt=\"\" class=\"wp-image-7427 size-full\" srcset=\"https:\/\/www.smj.fo\/wp-content\/uploads\/2024\/07\/DSC_3957-1600x1066.jpg 1600w, https:\/\/www.smj.fo\/wp-content\/uploads\/2024\/07\/DSC_3957-800x533.jpg 800w, https:\/\/www.smj.fo\/wp-content\/uploads\/2024\/07\/DSC_3957-768x512.jpg 768w, https:\/\/www.smj.fo\/wp-content\/uploads\/2024\/07\/DSC_3957-1536x1024.jpg 1536w, https:\/\/www.smj.fo\/wp-content\/uploads\/2024\/07\/DSC_3957.jpg 2048w\" sizes=\"auto, (max-width: 1600px) 100vw, 1600px\" \/><\/figure><div class=\"wp-block-media-text__content\">\n<h2 class=\"wp-block-heading\"><strong><br>Employee Development<\/strong><\/h2>\n\n\n\n<p>We prioritize recognizing and nurturing the unique talents of each team member. Understanding that everyone has different motivations for choosing their career path is crucial. By appreciating these diversities, we can offer more effective support to each individual. It&#8217;s essential for us that every employee feels valued and supported in their role.<\/p>\n<\/div><\/div>\n\n\n\n<div style=\"height:100px\" aria-hidden=\"true\" class=\"wp-block-spacer\"><\/div>\n\n\n\n<div id=\"job-descriptions_block_7519e1a093cb4974b938bf635f781a1e\" class=\"lunnar-job-descriptions\">\n\n    \n    <\/div>\n\n\n<div style=\"height:60px\" aria-hidden=\"true\" class=\"wp-block-spacer\"><\/div>\n\n\n\n<div class=\"wp-block-group alignfull has-deep-green-50-background-color has-background is-layout-constrained wp-block-group-is-layout-constrained\">\n<div style=\"height:160px\" aria-hidden=\"true\" class=\"wp-block-spacer\"><\/div>\n\n\n\n<div class=\"wp-block-columns is-layout-flex wp-container-core-columns-is-layout-9d6595d7 wp-block-columns-is-layout-flex\">\n<div class=\"wp-block-column is-layout-flow wp-block-column-is-layout-flow\" style=\"flex-basis:33.33%\">\n<h2 class=\"wp-block-heading\"><strong>Can&#8217;t Find What You&#8217;re Looking For?<\/strong><\/h2>\n\n\n\n<p>We&#8217;re always interested in hearing from individuals who are enthusiastic about SMJ. Don&#8217;t hesitate to reach out to us.<\/p>\n<\/div>\n\n\n\n<div class=\"wp-block-column is-layout-flow wp-block-column-is-layout-flow\" style=\"flex-basis:66.66%\">\n<p>Our employees are the cornerstone of SMJ. We are committed to assembling our teams with relevant professional knowledge and personal qualities.<\/p>\n\n\n\n<p>If you&#8217;re interested in joining SMJ, please contact us with your education details, certifications, resume, and share your personal qualities and motivation for reaching out.<\/p>\n\n\n\n<p>We also offer internship opportunities and collaborate on academic projects.<\/p>\n\n\n\n<p>Submit your application to <a>career@smj.fo<\/a>.<\/p>\n<\/div>\n<\/div>\n\n\n\n<div style=\"height:160px\" aria-hidden=\"true\" class=\"wp-block-spacer\"><\/div>\n<\/div>\n\n\n\n<div class=\"wp-block-cover alignfull\" style=\"min-height:742px;aspect-ratio:unset;\"><span aria-hidden=\"true\" class=\"wp-block-cover__background has-background-dim-10 has-background-dim\"><\/span><img loading=\"lazy\" decoding=\"async\" width=\"2560\" height=\"1707\" class=\"wp-block-cover__image-background wp-image-2174\" alt=\"\" src=\"http:\/\/www.smj.fo\/wp-content\/uploads\/2023\/12\/DSC_9902.jpg\" data-object-fit=\"cover\" srcset=\"https:\/\/www.smj.fo\/wp-content\/uploads\/2023\/12\/DSC_9902.jpg 2560w, https:\/\/www.smj.fo\/wp-content\/uploads\/2023\/12\/DSC_9902-800x533.jpg 800w, https:\/\/www.smj.fo\/wp-content\/uploads\/2023\/12\/DSC_9902-1600x1067.jpg 1600w, https:\/\/www.smj.fo\/wp-content\/uploads\/2023\/12\/DSC_9902-768x512.jpg 768w, https:\/\/www.smj.fo\/wp-content\/uploads\/2023\/12\/DSC_9902-1536x1024.jpg 1536w, https:\/\/www.smj.fo\/wp-content\/uploads\/2023\/12\/DSC_9902-2048x1365.jpg 2048w\" sizes=\"auto, (max-width: 2560px) 100vw, 2560px\" \/><div class=\"wp-block-cover__inner-container is-layout-constrained wp-block-cover-is-layout-constrained\">\n<div class=\"wp-block-columns is-layout-flex wp-container-core-columns-is-layout-9d6595d7 wp-block-columns-is-layout-flex\">\n<div class=\"wp-block-column is-layout-flow wp-block-column-is-layout-flow\">\n<div class=\"wp-block-group has-deep-green-background-color has-background is-layout-constrained wp-block-group-is-layout-constrained\">\n<h3 class=\"wp-block-heading has-text-align-center\">Gerst partur av toyminum<\/h3>\n\n\n\n<div style=\"height:10px\" aria-hidden=\"true\" class=\"wp-block-spacer\"><\/div>\n\n\n\n<div class=\"wp-block-columns is-layout-flex wp-container-core-columns-is-layout-9d6595d7 wp-block-columns-is-layout-flex\">\n<div class=\"wp-block-column is-layout-flow wp-block-column-is-layout-flow\" style=\"flex-basis:7%\">\n<p class=\"has-text-align-left\"><\/p>\n<\/div>\n\n\n\n<div class=\"wp-block-column is-layout-flow wp-block-column-is-layout-flow\" style=\"flex-basis:90%\">\n<p class=\"has-text-align-center\">We&#8217;re eager to hear from those interested in joining our team. Feel free to reach out to our directors, P\u00e6tur or Johan.<\/p>\n\n\n\n<div style=\"height:10px\" aria-hidden=\"true\" class=\"wp-block-spacer\"><\/div>\n<\/div>\n\n\n\n<div class=\"wp-block-column is-layout-flow wp-block-column-is-layout-flow\" style=\"flex-basis:5%\"><\/div>\n<\/div>\n\n\n\n<div class=\"wp-block-columns is-layout-flex wp-container-core-columns-is-layout-9d6595d7 wp-block-columns-is-layout-flex\">\n<div class=\"wp-block-column is-layout-flow wp-block-column-is-layout-flow\" style=\"flex-basis:15%\"><\/div>\n\n\n\n<div class=\"wp-block-column is-layout-flow wp-block-column-is-layout-flow\" style=\"flex-basis:70%\">\n<p class=\"has-text-align-center\">P\u00e6tur at +298 233500 and email <a>paj@smj.fo<\/a><br>Johan at +298 233540 and email <a>jjj@smj.fo<\/a><\/p>\n<\/div>\n<\/div>\n\n\n\n<div style=\"height:32px\" aria-hidden=\"true\" class=\"wp-block-spacer\"><\/div>\n\n\n\n<div class=\"wp-block-buttons is-content-justification-center is-layout-flex wp-container-core-buttons-is-layout-16018d1d wp-block-buttons-is-layout-flex\"><\/div>\n<\/div>\n<\/div>\n\n\n\n<div class=\"wp-block-column is-layout-flow wp-block-column-is-layout-flow\">\n<div class=\"wp-block-columns is-layout-flex wp-container-core-columns-is-layout-9d6595d7 wp-block-columns-is-layout-flex\">\n<div class=\"wp-block-column is-layout-flow wp-block-column-is-layout-flow\"><\/div>\n<\/div>\n<\/div>\n<\/div>\n<\/div><\/div>\n","protected":false},"excerpt":{"rendered":"<p>Our Staff The SMJ team is diverse, ranging from young talents to experienced professionals, hailing from various countries. We place great emphasis on fostering strong team cohesion. Our employees often enjoy long tenures with the company, making them highly regarded by potential future employers. Our staff take significant responsibility, enjoy considerable freedom, and benefit from [&hellip;]<\/p>\n","protected":false},"author":3,"featured_media":0,"parent":0,"menu_order":0,"comment_status":"closed","ping_status":"closed","template":"","meta":{"_acf_changed":false,"footnotes":""},"class_list":["post-4222","page","type-page","status-publish","hentry"],"acf":[],"yoast_head":"<!-- This site is optimized with the Yoast SEO plugin v27.4 - https:\/\/yoast.com\/product\/yoast-seo-wordpress\/ -->\n<title>Career - SMJ<\/title>\n<meta name=\"robots\" content=\"index, follow, max-snippet:-1, max-image-preview:large, max-video-preview:-1\" \/>\n<link rel=\"canonical\" href=\"https:\/\/www.smj.fo\/en\/starvsleid\/\" \/>\n<meta property=\"og:locale\" content=\"en_US\" \/>\n<meta property=\"og:type\" content=\"article\" \/>\n<meta property=\"og:title\" content=\"Career - SMJ\" \/>\n<meta property=\"og:description\" content=\"Our Staff The SMJ team is diverse, ranging from young talents to experienced professionals, hailing from various countries. We place great emphasis on fostering strong team cohesion. Our employees often enjoy long tenures with the company, making them highly regarded by potential future employers. Our staff take significant responsibility, enjoy considerable freedom, and benefit from [&hellip;]\" \/>\n<meta property=\"og:url\" content=\"https:\/\/www.smj.fo\/en\/starvsleid\/\" \/>\n<meta property=\"og:site_name\" content=\"SMJ\" \/>\n<meta property=\"article:modified_time\" content=\"2024-07-27T11:17:18+00:00\" \/>\n<meta property=\"og:image\" content=\"http:\/\/www.smj.fo\/wp-content\/uploads\/2023\/12\/DSC_9775-portrait.jpg\" \/>\n<meta name=\"twitter:card\" content=\"summary_large_image\" \/>\n<meta name=\"twitter:label1\" content=\"Est. reading time\" \/>\n\t<meta name=\"twitter:data1\" content=\"6 minutes\" \/>\n<script type=\"application\/ld+json\" class=\"yoast-schema-graph\">{\"@context\":\"https:\\\/\\\/schema.org\",\"@graph\":[{\"@type\":\"WebPage\",\"@id\":\"https:\\\/\\\/www.smj.fo\\\/en\\\/starvsleid\\\/\",\"url\":\"https:\\\/\\\/www.smj.fo\\\/en\\\/starvsleid\\\/\",\"name\":\"Career - SMJ\",\"isPartOf\":{\"@id\":\"https:\\\/\\\/www.smj.fo\\\/en\\\/#website\"},\"primaryImageOfPage\":{\"@id\":\"https:\\\/\\\/www.smj.fo\\\/en\\\/starvsleid\\\/#primaryimage\"},\"image\":{\"@id\":\"https:\\\/\\\/www.smj.fo\\\/en\\\/starvsleid\\\/#primaryimage\"},\"thumbnailUrl\":\"http:\\\/\\\/www.smj.fo\\\/wp-content\\\/uploads\\\/2023\\\/12\\\/DSC_9775-portrait.jpg\",\"datePublished\":\"2023-12-06T12:19:55+00:00\",\"dateModified\":\"2024-07-27T11:17:18+00:00\",\"breadcrumb\":{\"@id\":\"https:\\\/\\\/www.smj.fo\\\/en\\\/starvsleid\\\/#breadcrumb\"},\"inLanguage\":\"en-US\",\"potentialAction\":[{\"@type\":\"ReadAction\",\"target\":[\"https:\\\/\\\/www.smj.fo\\\/en\\\/starvsleid\\\/\"]}]},{\"@type\":\"ImageObject\",\"inLanguage\":\"en-US\",\"@id\":\"https:\\\/\\\/www.smj.fo\\\/en\\\/starvsleid\\\/#primaryimage\",\"url\":\"http:\\\/\\\/www.smj.fo\\\/wp-content\\\/uploads\\\/2023\\\/12\\\/DSC_9775-portrait.jpg\",\"contentUrl\":\"http:\\\/\\\/www.smj.fo\\\/wp-content\\\/uploads\\\/2023\\\/12\\\/DSC_9775-portrait.jpg\"},{\"@type\":\"BreadcrumbList\",\"@id\":\"https:\\\/\\\/www.smj.fo\\\/en\\\/starvsleid\\\/#breadcrumb\",\"itemListElement\":[{\"@type\":\"ListItem\",\"position\":1,\"name\":\"Home\",\"item\":\"https:\\\/\\\/www.smj.fo\\\/en\\\/\"},{\"@type\":\"ListItem\",\"position\":2,\"name\":\"Career\"}]},{\"@type\":\"WebSite\",\"@id\":\"https:\\\/\\\/www.smj.fo\\\/en\\\/#website\",\"url\":\"https:\\\/\\\/www.smj.fo\\\/en\\\/\",\"name\":\"SMJ\",\"description\":\"\",\"potentialAction\":[{\"@type\":\"SearchAction\",\"target\":{\"@type\":\"EntryPoint\",\"urlTemplate\":\"https:\\\/\\\/www.smj.fo\\\/en\\\/?s={search_term_string}\"},\"query-input\":{\"@type\":\"PropertyValueSpecification\",\"valueRequired\":true,\"valueName\":\"search_term_string\"}}],\"inLanguage\":\"en-US\"}]}<\/script>\n<!-- \/ Yoast SEO plugin. -->","yoast_head_json":{"title":"Career - SMJ","robots":{"index":"index","follow":"follow","max-snippet":"max-snippet:-1","max-image-preview":"max-image-preview:large","max-video-preview":"max-video-preview:-1"},"canonical":"https:\/\/www.smj.fo\/en\/starvsleid\/","og_locale":"en_US","og_type":"article","og_title":"Career - SMJ","og_description":"Our Staff The SMJ team is diverse, ranging from young talents to experienced professionals, hailing from various countries. We place great emphasis on fostering strong team cohesion. Our employees often enjoy long tenures with the company, making them highly regarded by potential future employers. Our staff take significant responsibility, enjoy considerable freedom, and benefit from [&hellip;]","og_url":"https:\/\/www.smj.fo\/en\/starvsleid\/","og_site_name":"SMJ","article_modified_time":"2024-07-27T11:17:18+00:00","og_image":[{"url":"http:\/\/www.smj.fo\/wp-content\/uploads\/2023\/12\/DSC_9775-portrait.jpg","type":"","width":"","height":""}],"twitter_card":"summary_large_image","twitter_misc":{"Est. reading time":"6 minutes"},"schema":{"@context":"https:\/\/schema.org","@graph":[{"@type":"WebPage","@id":"https:\/\/www.smj.fo\/en\/starvsleid\/","url":"https:\/\/www.smj.fo\/en\/starvsleid\/","name":"Career - SMJ","isPartOf":{"@id":"https:\/\/www.smj.fo\/en\/#website"},"primaryImageOfPage":{"@id":"https:\/\/www.smj.fo\/en\/starvsleid\/#primaryimage"},"image":{"@id":"https:\/\/www.smj.fo\/en\/starvsleid\/#primaryimage"},"thumbnailUrl":"http:\/\/www.smj.fo\/wp-content\/uploads\/2023\/12\/DSC_9775-portrait.jpg","datePublished":"2023-12-06T12:19:55+00:00","dateModified":"2024-07-27T11:17:18+00:00","breadcrumb":{"@id":"https:\/\/www.smj.fo\/en\/starvsleid\/#breadcrumb"},"inLanguage":"en-US","potentialAction":[{"@type":"ReadAction","target":["https:\/\/www.smj.fo\/en\/starvsleid\/"]}]},{"@type":"ImageObject","inLanguage":"en-US","@id":"https:\/\/www.smj.fo\/en\/starvsleid\/#primaryimage","url":"http:\/\/www.smj.fo\/wp-content\/uploads\/2023\/12\/DSC_9775-portrait.jpg","contentUrl":"http:\/\/www.smj.fo\/wp-content\/uploads\/2023\/12\/DSC_9775-portrait.jpg"},{"@type":"BreadcrumbList","@id":"https:\/\/www.smj.fo\/en\/starvsleid\/#breadcrumb","itemListElement":[{"@type":"ListItem","position":1,"name":"Home","item":"https:\/\/www.smj.fo\/en\/"},{"@type":"ListItem","position":2,"name":"Career"}]},{"@type":"WebSite","@id":"https:\/\/www.smj.fo\/en\/#website","url":"https:\/\/www.smj.fo\/en\/","name":"SMJ","description":"","potentialAction":[{"@type":"SearchAction","target":{"@type":"EntryPoint","urlTemplate":"https:\/\/www.smj.fo\/en\/?s={search_term_string}"},"query-input":{"@type":"PropertyValueSpecification","valueRequired":true,"valueName":"search_term_string"}}],"inLanguage":"en-US"}]}},"_links":{"self":[{"href":"https:\/\/www.smj.fo\/en\/wp-json\/wp\/v2\/pages\/4222","targetHints":{"allow":["GET"]}}],"collection":[{"href":"https:\/\/www.smj.fo\/en\/wp-json\/wp\/v2\/pages"}],"about":[{"href":"https:\/\/www.smj.fo\/en\/wp-json\/wp\/v2\/types\/page"}],"author":[{"embeddable":true,"href":"https:\/\/www.smj.fo\/en\/wp-json\/wp\/v2\/users\/3"}],"replies":[{"embeddable":true,"href":"https:\/\/www.smj.fo\/en\/wp-json\/wp\/v2\/comments?post=4222"}],"version-history":[{"count":10,"href":"https:\/\/www.smj.fo\/en\/wp-json\/wp\/v2\/pages\/4222\/revisions"}],"predecessor-version":[{"id":7434,"href":"https:\/\/www.smj.fo\/en\/wp-json\/wp\/v2\/pages\/4222\/revisions\/7434"}],"wp:attachment":[{"href":"https:\/\/www.smj.fo\/en\/wp-json\/wp\/v2\/media?parent=4222"}],"curies":[{"name":"wp","href":"https:\/\/api.w.org\/{rel}","templated":true}]}}