{"id":4513,"date":"2023-12-06T12:19:55","date_gmt":"2023-12-06T12:19:55","guid":{"rendered":"https:\/\/www.smj.fo\/?page_id=4513"},"modified":"2024-07-27T12:08:17","modified_gmt":"2024-07-27T11:08:17","slug":"karriere","status":"publish","type":"page","link":"https:\/\/www.smj.fo\/da\/karriere\/","title":{"rendered":"Karriere"},"content":{"rendered":"<div id=\"video-background_block_facb946f503c9d9e323f46cb0577f0fc\" class=\"lunnar-video-background alignfull\">\n    \n            <div class=\"video-placeholder\" data-video-src=\"https:\/\/player.vimeo.com\/progressive_redirect\/playback\/897139340\/rendition\/1080p\/file.mp4?loc=external&#038;log_user=0&#038;signature=a830f90bb6803110e70caad83deb10f7ab6c63c045ded5901617d411f60ad7e8\" style=\"\">\n            <!-- You can add a thumbnail or any placeholder content here -->\n        <\/div>\n\n        \n        <div class=\"lunnar-video-background--content\" style=\"\">\n            <div class=\"acf-innerblocks-container\">\n\n<div class=\"wp-block-cover alignfull is-light has-custom-content-position is-position-bottom-center has-white-color has-text-color has-link-color wp-elements-77de528e72f3f23a87a87d195b93a5b9\" style=\"min-height:760px;aspect-ratio:unset;\"><span aria-hidden=\"true\" class=\"wp-block-cover__background has-background-dim-30 has-background-dim\"><\/span><div class=\"wp-block-cover__inner-container is-layout-constrained wp-block-cover-is-layout-constrained\">\n<div class=\"wp-block-columns are-vertically-aligned-bottom is-layout-flex wp-container-core-columns-is-layout-9d6595d7 wp-block-columns-is-layout-flex\">\n<div class=\"wp-block-column is-vertically-aligned-bottom is-layout-flow wp-block-column-is-layout-flow\">\n<h1 class=\"wp-block-heading\">Karriere<\/h1>\n<\/div>\n\n\n\n<div class=\"wp-block-column is-vertically-aligned-bottom is-layout-flow wp-block-column-is-layout-flow\">\n<p><br>Hos SMJ handler det om at give dig de bedste foruds\u00e6tninger for at udf\u00f8re dit job. Faglig ekspertise, trivsel og arbejdsforhold er i fokus.<\/p>\n<\/div>\n<\/div>\n\n\n\n<div style=\"height:60px\" aria-hidden=\"true\" class=\"wp-block-spacer\"><\/div>\n<\/div><\/div>\n\n<\/div>\n        <\/div>\n    \n<\/div>\n\n\n<div style=\"height:69px\" aria-hidden=\"true\" class=\"wp-block-spacer\"><\/div>\n\n\n\n<div class=\"wp-block-columns is-layout-flex wp-container-core-columns-is-layout-9d6595d7 wp-block-columns-is-layout-flex\">\n<div class=\"wp-block-column is-layout-flow wp-block-column-is-layout-flow\" style=\"flex-basis:33.33%\">\n<h2 class=\"wp-block-heading\">Vores folk<\/h2>\n\n\n\n<p>Hos SMJ prioriterer vi mangfoldighed, hvilket ses i vores medarbejdere fra forskellige aldre, kulturer og nationaliteter. Der l\u00e6gges v\u00e6gt p\u00e5 et godt sammenhold. Vores medarbejdere arbejder ofte i firmaet i mange \u00e5r. Medarbejderne tager stort ansvar, nyder stor frihed og har gode vilk\u00e5r.<\/p>\n<\/div>\n\n\n\n<div class=\"wp-block-column is-layout-flow wp-block-column-is-layout-flow\" style=\"flex-basis:66.66%\">\n<h2 class=\"wp-block-heading\" style=\"font-style:normal;font-weight:400\">Vi \u00e6ndrer samfundet &#8211; \u00e9t projekt ad gangen. Vi skaber betingelser for bedre udnyttelse af ressourcer, skaber trivsel i bygninger og sikrer effektiv produktion i industrianl\u00e6g med minimal milj\u00f8p\u00e5virkning.<\/h2>\n<\/div>\n<\/div>\n\n\n\n<div style=\"height:100px\" aria-hidden=\"true\" class=\"wp-block-spacer\"><\/div>\n\n\n\n<div class=\"wp-block-columns is-layout-flex wp-container-core-columns-is-layout-9d6595d7 wp-block-columns-is-layout-flex\">\n<div class=\"wp-block-column is-layout-flow wp-block-column-is-layout-flow\">\n<figure class=\"wp-block-image size-full quote\"><img loading=\"lazy\" decoding=\"async\" width=\"2560\" height=\"2386\" src=\"http:\/\/www.smj.fo\/wp-content\/uploads\/2023\/12\/DSC_9775-portrait.jpg\" alt=\"\" class=\"wp-image-2769\" srcset=\"https:\/\/www.smj.fo\/wp-content\/uploads\/2023\/12\/DSC_9775-portrait.jpg 2560w, https:\/\/www.smj.fo\/wp-content\/uploads\/2023\/12\/DSC_9775-portrait-800x746.jpg 800w, https:\/\/www.smj.fo\/wp-content\/uploads\/2023\/12\/DSC_9775-portrait-1600x1491.jpg 1600w, https:\/\/www.smj.fo\/wp-content\/uploads\/2023\/12\/DSC_9775-portrait-768x716.jpg 768w, https:\/\/www.smj.fo\/wp-content\/uploads\/2023\/12\/DSC_9775-portrait-1536x1432.jpg 1536w, https:\/\/www.smj.fo\/wp-content\/uploads\/2023\/12\/DSC_9775-portrait-2048x1909.jpg 2048w\" sizes=\"auto, (max-width: 2560px) 100vw, 2560px\" \/><figcaption class=\"wp-element-caption\">If\u00f8lge Petur Martin er opgaverne b\u00e5de sp\u00e6ndende og udviklende. Han arbejder p\u00e5 projekter i Island, Danmark og F\u00e6r\u00f8erne og nyder lejlighedsvis forretningsrejser og at m\u00f8de nye mennesker.<\/figcaption><\/figure>\n<\/div>\n\n\n\n<div class=\"wp-block-column is-layout-flow wp-block-column-is-layout-flow\" style=\"flex-basis:50px\"><\/div>\n\n\n\n<div class=\"wp-block-column is-vertically-aligned-center is-layout-flow wp-block-column-is-layout-flow\">\n<h2 class=\"wp-block-heading\">M\u00f8d Petur Martin<\/h2>\n\n\n\n<p>Petur Martin startede hos KJ-elr\u00e5\u00f0 i 2008 og har arbejdet i firmaet siden, ogs\u00e5 efter at KJ-elr\u00e1\u00f0 fusionerede med SMJ i 2014.<\/p>\n\n\n\n<p>Petur Martins daglige arbejde omfatter projektledelse, automation som BMS\/CTS og SRO, og generel elteknik.<\/p>\n\n\n\n<p>Nogle gange er projektledelse mest fremtr\u00e6dende, hvor hans opgaver ofte involverer koordinering og planl\u00e6gning, og kommunikation med kunder og industrien generelt. Andre gange f\u00e5r han mulighed for at fordybe sig i sit speciale. Han siger, at det bedste ved at arbejde hos SMJ er, at arbejdet er meget alsidigt, og opgaverne er sp\u00e6ndende og udfordrende.<\/p>\n\n\n\n<p>Petur Martin har v\u00e6ret med, da der kun var tre personer hos KJ-elr\u00e1\u00f0 og nu, hvor han har over 50 kolleger, ogs\u00e5 i forskellige lande. Han beskriver rejsen som sp\u00e6ndende og gl\u00e6delig og er stolt af at have v\u00e6ret en del af udviklingen i de seneste \u00e5r.<\/p>\n<\/div>\n<\/div>\n\n\n\n<div style=\"height:160px\" aria-hidden=\"true\" class=\"wp-block-spacer\"><\/div>\n\n\n\n<div class=\"wp-block-columns is-layout-flex wp-container-core-columns-is-layout-9d6595d7 wp-block-columns-is-layout-flex\">\n<div class=\"wp-block-column is-vertically-aligned-center is-layout-flow wp-block-column-is-layout-flow\">\n<h2 class=\"wp-block-heading\">M\u00f8d Kristian<\/h2>\n\n\n\n<p>Kristian er ingeni\u00f8r og arbejder p\u00e5 kontoret i T\u00f3rshavn. Han er uddannet maskiningeni\u00f8r fra Aarhus Universitet og kom i praktik hos SMJ i 2020 og fik derefter fast stilling.<\/p>\n\n\n\n<p>Kristian arbejder dagligt med akvakulturprojekter, hvor han er med til at projektere RAS-systemer og tilh\u00f8rende underst\u00f8ttende systemer til smoltstationer i F\u00e6r\u00f8erne og i nabolandene. Med sin uddannelse som baggrund har Kristian udviklet sig til at tage stort ansvar i opbygningen af systemer p\u00e5 smoltstationer.<\/p>\n\n\n\n<p>Kristian er meget dygtig i BIM, hvor han blandt andet har stort ansvar for, hvordan SMJ organiserer sig p\u00e5 for eksempel Revit. Han viste tidligt i sin tid mod og initiativ til at st\u00e5 i spidsen for dette og hj\u00e6lper dagligt sine kolleger med BIM\/ICT-sp\u00f8rgsm\u00e5l. Han har ansvaret for den interne BIM\/ICT-netv\u00e6rksgruppe.<\/p>\n<\/div>\n\n\n\n<div class=\"wp-block-column is-layout-flow wp-block-column-is-layout-flow\" style=\"flex-basis:50px\"><\/div>\n\n\n\n<div class=\"wp-block-column is-layout-flow wp-block-column-is-layout-flow\">\n<figure class=\"wp-block-image size-large quote caption-left\"><img loading=\"lazy\" decoding=\"async\" width=\"1600\" height=\"1361\" src=\"http:\/\/www.smj.fo\/wp-content\/uploads\/2023\/12\/DSC_9740-1-e1703014428558-1600x1361.jpg\" alt=\"\" class=\"wp-image-2710\" srcset=\"https:\/\/www.smj.fo\/wp-content\/uploads\/2023\/12\/DSC_9740-1-e1703014428558-1600x1361.jpg 1600w, https:\/\/www.smj.fo\/wp-content\/uploads\/2023\/12\/DSC_9740-1-e1703014428558-800x681.jpg 800w, https:\/\/www.smj.fo\/wp-content\/uploads\/2023\/12\/DSC_9740-1-e1703014428558-768x653.jpg 768w, https:\/\/www.smj.fo\/wp-content\/uploads\/2023\/12\/DSC_9740-1-e1703014428558-1536x1307.jpg 1536w, https:\/\/www.smj.fo\/wp-content\/uploads\/2023\/12\/DSC_9740-1-e1703014428558.jpg 2005w\" sizes=\"auto, (max-width: 1600px) 100vw, 1600px\" \/><figcaption class=\"wp-element-caption\">Der er mange interessante og varierede opgaver. Vi har rigtig gode forhold, og f\u00e6llesskabet p\u00e5 arbejdspladsen er godt. Der er plads til b\u00e5de alvor i arbejdsopgaverne og sjove stunder.<\/figcaption><\/figure>\n<\/div>\n<\/div>\n\n\n\n<div style=\"height:100px\" aria-hidden=\"true\" class=\"wp-block-spacer\"><\/div>\n\n\n\n<h2 class=\"wp-block-heading alignwide\">Dine fordele<\/h2>\n\n\n\n<div class=\"wp-block-columns alignwide is-layout-flex wp-container-core-columns-is-layout-9d6595d7 wp-block-columns-is-layout-flex\">\n<div class=\"wp-block-column has-light-grey-background-color has-background is-layout-flow wp-block-column-is-layout-flow\" style=\"padding-top:80px;padding-right:24px;padding-bottom:80px;padding-left:24px\">\n<h2 class=\"wp-block-heading\">Gode betingelser<\/h2>\n\n\n\n<p>Vi tilbyder gode l\u00f8nvilk\u00e5r, forsikringer, balance mellem arbejdsliv og fritid. Vi har ogs\u00e5 gjort meget for at sikre gode arbejdsforhold.<\/p>\n\n\n\n<p>Mindst 6 ugers ferie om \u00e5ret. Der er ogs\u00e5 mulighed for at arbejde p\u00e5 skiftende tidspunkter, alt efter hvad der passer dig bedst.<\/p>\n<\/div>\n\n\n\n<div class=\"wp-block-column has-light-grey-background-color has-background is-layout-flow wp-block-column-is-layout-flow\" style=\"padding-top:80px;padding-right:24px;padding-bottom:80px;padding-left:24px\">\n<h2 class=\"wp-block-heading\">Udvikling<\/h2>\n\n\n\n<p>Din udvikling er vores udvikling. Opgaverne og dine m\u00e5l tilpasses hinanden, og erfaringerne fra hvert projekt giver dig de bedste foruds\u00e6tninger for en sp\u00e6ndende karriere.<\/p>\n<\/div>\n\n\n\n<div class=\"wp-block-column has-light-grey-background-color has-background is-layout-flow wp-block-column-is-layout-flow\" style=\"padding-top:80px;padding-right:24px;padding-bottom:80px;padding-left:24px\">\n<h2 class=\"wp-block-heading\">\u00c6ndre verden<\/h2>\n\n\n\n<p>Sammen med dine kolleger \u00e6ndrer du verden, \u00e9t projekt ad gangen. Dit bidrag g\u00f8r en stor forskel ved at udnytte, fornye, bygge og producere p\u00e5 bedre m\u00e5der end tidligere. Dette realiseres i samarbejde med vores kunder i Norden.<\/p>\n<\/div>\n<\/div>\n\n\n\n<div style=\"height:100px\" aria-hidden=\"true\" class=\"wp-block-spacer\"><\/div>\n\n\n\n<div class=\"wp-block-media-text is-stacked-on-mobile\"><figure class=\"wp-block-media-text__media\"><img loading=\"lazy\" decoding=\"async\" width=\"1600\" height=\"1066\" src=\"http:\/\/www.smj.fo\/wp-content\/uploads\/2024\/07\/DSC_3957-1600x1066.jpg\" alt=\"\" class=\"wp-image-7426 size-full\" srcset=\"https:\/\/www.smj.fo\/wp-content\/uploads\/2024\/07\/DSC_3957-1600x1066.jpg 1600w, https:\/\/www.smj.fo\/wp-content\/uploads\/2024\/07\/DSC_3957-800x533.jpg 800w, https:\/\/www.smj.fo\/wp-content\/uploads\/2024\/07\/DSC_3957-768x512.jpg 768w, https:\/\/www.smj.fo\/wp-content\/uploads\/2024\/07\/DSC_3957-1536x1024.jpg 1536w, https:\/\/www.smj.fo\/wp-content\/uploads\/2024\/07\/DSC_3957.jpg 2048w\" sizes=\"auto, (max-width: 1600px) 100vw, 1600px\" \/><\/figure><div class=\"wp-block-media-text__content\">\n<h2 class=\"wp-block-heading\">Medarbejderudvikling<\/h2>\n\n\n\n<p>Vi l\u00e6gger v\u00e6gt p\u00e5 at anerkende og udvikle de unikke kvaliteter hos hver medarbejder. Dette er vigtigt, da hver enkelt har sine grunde til at v\u00e6lge netop deres karrierevej. Ved at forst\u00e5 og v\u00e6rds\u00e6tte forskellighederne, kan vi bedre st\u00f8tte den enkelte. Det er afg\u00f8rende for os, at hvert medarbejder f\u00f8ler sig v\u00e6rdsat og st\u00f8ttet i sit arbejde.<\/p>\n<\/div><\/div>\n\n\n\n<div style=\"height:100px\" aria-hidden=\"true\" class=\"wp-block-spacer\"><\/div>\n\n\n\n<div id=\"job-descriptions_block_717e76ae675c10c01b41aaca6e51699d\" class=\"lunnar-job-descriptions\">\n\n    \n                                    <a href=\"https:\/\/www.smj.fo\/da\/job-description\/el-raadgiver\/\" class=\"job-description--item\">\n                <div class=\"job-description--text\">\n                    \n                    <h4>El-r\u00e5dgiver<\/h4>\n                <\/div>\n\n                <div class=\"wp-block-button\">\n                    <div class=\"wp-block-button__link wp-element-button has-white-color has-fresh-green-background-color\">S\u00f8g stilling<\/div>\n                <\/div>\n            <\/a>\n                                <a href=\"https:\/\/www.smj.fo\/da\/job-description\/vvs-raadgiver\/\" class=\"job-description--item\">\n                <div class=\"job-description--text\">\n                    \n                    <h4>VVS-r\u00e5dgiver<\/h4>\n                <\/div>\n\n                <div class=\"wp-block-button\">\n                    <div class=\"wp-block-button__link wp-element-button has-white-color has-fresh-green-background-color\">S\u00f8g stilling<\/div>\n                <\/div>\n            <\/a>\n            <\/div>\n\n\n<div style=\"height:60px\" aria-hidden=\"true\" class=\"wp-block-spacer\"><\/div>\n\n\n\n<div class=\"wp-block-group alignfull has-deep-green-50-background-color has-background is-layout-constrained wp-block-group-is-layout-constrained\">\n<div style=\"height:160px\" aria-hidden=\"true\" class=\"wp-block-spacer\"><\/div>\n\n\n\n<div class=\"wp-block-columns is-layout-flex wp-container-core-columns-is-layout-9d6595d7 wp-block-columns-is-layout-flex\">\n<div class=\"wp-block-column is-layout-flow wp-block-column-is-layout-flow\" style=\"flex-basis:33.33%\">\n<h2 class=\"wp-block-heading\">Kan du ikke finde det, du s\u00f8ger?<\/h2>\n\n\n\n<p>Vi er altid interesserede i at h\u00f8re fra folk, der er interesserede i SMJ, s\u00e5 t\u00f8v ikke med at kontakte os!<\/p>\n<\/div>\n\n\n\n<div class=\"wp-block-column is-layout-flow wp-block-column-is-layout-flow\" style=\"flex-basis:66.66%\">\n<p>Medarbejderne er i centrum hos SMJ. Vi fokuserer p\u00e5 at sammens\u00e6tte vores teams med relevant faglig viden og personlige egenskaber.<\/p>\n\n\n\n<p>Vi er altid interesserede i at h\u00f8re fra folk, der er interesserede i SMJ. N\u00e5r du henvender dig til os, send os din uddannelse, beviser og CV, og fort\u00e6l om dine personlige egenskaber og motivation for at henvende dig til os.<\/p>\n\n\n\n<p>Vi tilbyder ogs\u00e5 studiejob og praktikpladser, samt samarbejde om opgaver under h\u00f8jere uddannelse.<\/p>\n\n\n\n<p>Send ans\u00f8gning til <a>job@smj.fo<\/a>.<\/p>\n<\/div>\n<\/div>\n\n\n\n<div style=\"height:160px\" aria-hidden=\"true\" class=\"wp-block-spacer\"><\/div>\n<\/div>\n\n\n\n<div class=\"wp-block-cover alignfull\" style=\"min-height:742px;aspect-ratio:unset;\"><span aria-hidden=\"true\" class=\"wp-block-cover__background has-background-dim-10 has-background-dim\"><\/span><img loading=\"lazy\" decoding=\"async\" width=\"2560\" height=\"1707\" class=\"wp-block-cover__image-background wp-image-2174\" alt=\"\" src=\"http:\/\/www.smj.fo\/wp-content\/uploads\/2023\/12\/DSC_9902.jpg\" data-object-fit=\"cover\" srcset=\"https:\/\/www.smj.fo\/wp-content\/uploads\/2023\/12\/DSC_9902.jpg 2560w, https:\/\/www.smj.fo\/wp-content\/uploads\/2023\/12\/DSC_9902-800x533.jpg 800w, https:\/\/www.smj.fo\/wp-content\/uploads\/2023\/12\/DSC_9902-1600x1067.jpg 1600w, https:\/\/www.smj.fo\/wp-content\/uploads\/2023\/12\/DSC_9902-768x512.jpg 768w, https:\/\/www.smj.fo\/wp-content\/uploads\/2023\/12\/DSC_9902-1536x1024.jpg 1536w, https:\/\/www.smj.fo\/wp-content\/uploads\/2023\/12\/DSC_9902-2048x1365.jpg 2048w\" sizes=\"auto, (max-width: 2560px) 100vw, 2560px\" \/><div class=\"wp-block-cover__inner-container is-layout-constrained wp-block-cover-is-layout-constrained\">\n<div class=\"wp-block-columns is-layout-flex wp-container-core-columns-is-layout-9d6595d7 wp-block-columns-is-layout-flex\">\n<div class=\"wp-block-column is-layout-flow wp-block-column-is-layout-flow\">\n<div class=\"wp-block-group has-deep-green-background-color has-background is-layout-constrained wp-block-group-is-layout-constrained\">\n<h3 class=\"wp-block-heading has-text-align-center\"><br>Bliv en del af SMJ<\/h3>\n\n\n\n<div style=\"height:10px\" aria-hidden=\"true\" class=\"wp-block-spacer\"><\/div>\n\n\n\n<div class=\"wp-block-columns is-layout-flex wp-container-core-columns-is-layout-9d6595d7 wp-block-columns-is-layout-flex\">\n<div class=\"wp-block-column is-layout-flow wp-block-column-is-layout-flow\" style=\"flex-basis:7%\">\n<p class=\"has-text-align-left\"><\/p>\n<\/div>\n\n\n\n<div class=\"wp-block-column is-layout-flow wp-block-column-is-layout-flow\" style=\"flex-basis:90%\">\n<p><br>Vi vil gerne h\u00f8re fra dig, der er interesseret i at blive en del af vores team. Ring eller skriv til vores ledere, P\u00e6tur eller Johan.<\/p>\n\n\n\n<div style=\"height:10px\" aria-hidden=\"true\" class=\"wp-block-spacer\"><\/div>\n<\/div>\n\n\n\n<div class=\"wp-block-column is-layout-flow wp-block-column-is-layout-flow\" style=\"flex-basis:5%\"><\/div>\n<\/div>\n\n\n\n<div class=\"wp-block-columns is-layout-flex wp-container-core-columns-is-layout-9d6595d7 wp-block-columns-is-layout-flex\">\n<div class=\"wp-block-column is-layout-flow wp-block-column-is-layout-flow\" style=\"flex-basis:15%\"><\/div>\n\n\n\n<div class=\"wp-block-column is-layout-flow wp-block-column-is-layout-flow\" style=\"flex-basis:70%\">\n<p>P\u00e6tur, telefon +45 92 90 92 02 og mail paj@smj.fo<br>Johan, telefon +45 92 90 92 94 og mail jjj@smj.fo<\/p>\n<\/div>\n<\/div>\n\n\n\n<div style=\"height:32px\" aria-hidden=\"true\" class=\"wp-block-spacer\"><\/div>\n\n\n\n<div class=\"wp-block-buttons is-content-justification-center is-layout-flex wp-container-core-buttons-is-layout-16018d1d wp-block-buttons-is-layout-flex\"><\/div>\n<\/div>\n<\/div>\n\n\n\n<div class=\"wp-block-column is-layout-flow wp-block-column-is-layout-flow\">\n<div class=\"wp-block-columns is-layout-flex wp-container-core-columns-is-layout-9d6595d7 wp-block-columns-is-layout-flex\">\n<div class=\"wp-block-column is-layout-flow wp-block-column-is-layout-flow\"><\/div>\n<\/div>\n<\/div>\n<\/div>\n<\/div><\/div>\n","protected":false},"excerpt":{"rendered":"<p>Vores folk Hos SMJ prioriterer vi mangfoldighed, hvilket ses i vores medarbejdere fra forskellige aldre, kulturer og nationaliteter. Der l\u00e6gges v\u00e6gt p\u00e5 et godt sammenhold. Vores medarbejdere arbejder ofte i firmaet i mange \u00e5r. Medarbejderne tager stort ansvar, nyder stor frihed og har gode vilk\u00e5r. Vi \u00e6ndrer samfundet &#8211; \u00e9t projekt ad gangen. Vi skaber [&hellip;]<\/p>\n","protected":false},"author":3,"featured_media":0,"parent":0,"menu_order":0,"comment_status":"closed","ping_status":"closed","template":"","meta":{"_acf_changed":false,"footnotes":""},"class_list":["post-4513","page","type-page","status-publish","hentry"],"acf":[],"yoast_head":"<!-- This site is optimized with the Yoast SEO plugin v27.3 - https:\/\/yoast.com\/product\/yoast-seo-wordpress\/ -->\n<title>Karriere - SMJ<\/title>\n<meta name=\"robots\" content=\"index, follow, max-snippet:-1, max-image-preview:large, max-video-preview:-1\" \/>\n<link rel=\"canonical\" href=\"https:\/\/www.smj.fo\/da\/karriere\/\" \/>\n<meta property=\"og:locale\" content=\"da_DK\" \/>\n<meta property=\"og:type\" content=\"article\" \/>\n<meta property=\"og:title\" content=\"Karriere - SMJ\" \/>\n<meta property=\"og:description\" content=\"Vores folk Hos SMJ prioriterer vi mangfoldighed, hvilket ses i vores medarbejdere fra forskellige aldre, kulturer og nationaliteter. Der l\u00e6gges v\u00e6gt p\u00e5 et godt sammenhold. Vores medarbejdere arbejder ofte i firmaet i mange \u00e5r. Medarbejderne tager stort ansvar, nyder stor frihed og har gode vilk\u00e5r. Vi \u00e6ndrer samfundet &#8211; \u00e9t projekt ad gangen. Vi skaber [&hellip;]\" \/>\n<meta property=\"og:url\" content=\"https:\/\/www.smj.fo\/da\/karriere\/\" \/>\n<meta property=\"og:site_name\" content=\"SMJ\" \/>\n<meta property=\"article:modified_time\" content=\"2024-07-27T11:08:17+00:00\" \/>\n<meta property=\"og:image\" content=\"http:\/\/www.smj.fo\/wp-content\/uploads\/2023\/12\/DSC_9775-portrait.jpg\" \/>\n<meta name=\"twitter:card\" content=\"summary_large_image\" \/>\n<meta name=\"twitter:label1\" content=\"Estimeret l\u00e6setid\" \/>\n\t<meta name=\"twitter:data1\" content=\"5 minutter\" \/>\n<script type=\"application\/ld+json\" class=\"yoast-schema-graph\">{\"@context\":\"https:\\\/\\\/schema.org\",\"@graph\":[{\"@type\":\"WebPage\",\"@id\":\"https:\\\/\\\/www.smj.fo\\\/da\\\/karriere\\\/\",\"url\":\"https:\\\/\\\/www.smj.fo\\\/da\\\/karriere\\\/\",\"name\":\"Karriere - SMJ\",\"isPartOf\":{\"@id\":\"https:\\\/\\\/www.smj.fo\\\/da\\\/#website\"},\"primaryImageOfPage\":{\"@id\":\"https:\\\/\\\/www.smj.fo\\\/da\\\/karriere\\\/#primaryimage\"},\"image\":{\"@id\":\"https:\\\/\\\/www.smj.fo\\\/da\\\/karriere\\\/#primaryimage\"},\"thumbnailUrl\":\"http:\\\/\\\/www.smj.fo\\\/wp-content\\\/uploads\\\/2023\\\/12\\\/DSC_9775-portrait.jpg\",\"datePublished\":\"2023-12-06T12:19:55+00:00\",\"dateModified\":\"2024-07-27T11:08:17+00:00\",\"breadcrumb\":{\"@id\":\"https:\\\/\\\/www.smj.fo\\\/da\\\/karriere\\\/#breadcrumb\"},\"inLanguage\":\"da-DK\",\"potentialAction\":[{\"@type\":\"ReadAction\",\"target\":[\"https:\\\/\\\/www.smj.fo\\\/da\\\/karriere\\\/\"]}]},{\"@type\":\"ImageObject\",\"inLanguage\":\"da-DK\",\"@id\":\"https:\\\/\\\/www.smj.fo\\\/da\\\/karriere\\\/#primaryimage\",\"url\":\"http:\\\/\\\/www.smj.fo\\\/wp-content\\\/uploads\\\/2023\\\/12\\\/DSC_9775-portrait.jpg\",\"contentUrl\":\"http:\\\/\\\/www.smj.fo\\\/wp-content\\\/uploads\\\/2023\\\/12\\\/DSC_9775-portrait.jpg\"},{\"@type\":\"BreadcrumbList\",\"@id\":\"https:\\\/\\\/www.smj.fo\\\/da\\\/karriere\\\/#breadcrumb\",\"itemListElement\":[{\"@type\":\"ListItem\",\"position\":1,\"name\":\"Home\",\"item\":\"https:\\\/\\\/www.smj.fo\\\/da\\\/\"},{\"@type\":\"ListItem\",\"position\":2,\"name\":\"Karriere\"}]},{\"@type\":\"WebSite\",\"@id\":\"https:\\\/\\\/www.smj.fo\\\/da\\\/#website\",\"url\":\"https:\\\/\\\/www.smj.fo\\\/da\\\/\",\"name\":\"SMJ\",\"description\":\"\",\"potentialAction\":[{\"@type\":\"SearchAction\",\"target\":{\"@type\":\"EntryPoint\",\"urlTemplate\":\"https:\\\/\\\/www.smj.fo\\\/da\\\/?s={search_term_string}\"},\"query-input\":{\"@type\":\"PropertyValueSpecification\",\"valueRequired\":true,\"valueName\":\"search_term_string\"}}],\"inLanguage\":\"da-DK\"}]}<\/script>\n<!-- \/ Yoast SEO plugin. -->","yoast_head_json":{"title":"Karriere - SMJ","robots":{"index":"index","follow":"follow","max-snippet":"max-snippet:-1","max-image-preview":"max-image-preview:large","max-video-preview":"max-video-preview:-1"},"canonical":"https:\/\/www.smj.fo\/da\/karriere\/","og_locale":"da_DK","og_type":"article","og_title":"Karriere - SMJ","og_description":"Vores folk Hos SMJ prioriterer vi mangfoldighed, hvilket ses i vores medarbejdere fra forskellige aldre, kulturer og nationaliteter. Der l\u00e6gges v\u00e6gt p\u00e5 et godt sammenhold. Vores medarbejdere arbejder ofte i firmaet i mange \u00e5r. Medarbejderne tager stort ansvar, nyder stor frihed og har gode vilk\u00e5r. Vi \u00e6ndrer samfundet &#8211; \u00e9t projekt ad gangen. Vi skaber [&hellip;]","og_url":"https:\/\/www.smj.fo\/da\/karriere\/","og_site_name":"SMJ","article_modified_time":"2024-07-27T11:08:17+00:00","og_image":[{"url":"http:\/\/www.smj.fo\/wp-content\/uploads\/2023\/12\/DSC_9775-portrait.jpg","type":"","width":"","height":""}],"twitter_card":"summary_large_image","twitter_misc":{"Estimeret l\u00e6setid":"5 minutter"},"schema":{"@context":"https:\/\/schema.org","@graph":[{"@type":"WebPage","@id":"https:\/\/www.smj.fo\/da\/karriere\/","url":"https:\/\/www.smj.fo\/da\/karriere\/","name":"Karriere - SMJ","isPartOf":{"@id":"https:\/\/www.smj.fo\/da\/#website"},"primaryImageOfPage":{"@id":"https:\/\/www.smj.fo\/da\/karriere\/#primaryimage"},"image":{"@id":"https:\/\/www.smj.fo\/da\/karriere\/#primaryimage"},"thumbnailUrl":"http:\/\/www.smj.fo\/wp-content\/uploads\/2023\/12\/DSC_9775-portrait.jpg","datePublished":"2023-12-06T12:19:55+00:00","dateModified":"2024-07-27T11:08:17+00:00","breadcrumb":{"@id":"https:\/\/www.smj.fo\/da\/karriere\/#breadcrumb"},"inLanguage":"da-DK","potentialAction":[{"@type":"ReadAction","target":["https:\/\/www.smj.fo\/da\/karriere\/"]}]},{"@type":"ImageObject","inLanguage":"da-DK","@id":"https:\/\/www.smj.fo\/da\/karriere\/#primaryimage","url":"http:\/\/www.smj.fo\/wp-content\/uploads\/2023\/12\/DSC_9775-portrait.jpg","contentUrl":"http:\/\/www.smj.fo\/wp-content\/uploads\/2023\/12\/DSC_9775-portrait.jpg"},{"@type":"BreadcrumbList","@id":"https:\/\/www.smj.fo\/da\/karriere\/#breadcrumb","itemListElement":[{"@type":"ListItem","position":1,"name":"Home","item":"https:\/\/www.smj.fo\/da\/"},{"@type":"ListItem","position":2,"name":"Karriere"}]},{"@type":"WebSite","@id":"https:\/\/www.smj.fo\/da\/#website","url":"https:\/\/www.smj.fo\/da\/","name":"SMJ","description":"","potentialAction":[{"@type":"SearchAction","target":{"@type":"EntryPoint","urlTemplate":"https:\/\/www.smj.fo\/da\/?s={search_term_string}"},"query-input":{"@type":"PropertyValueSpecification","valueRequired":true,"valueName":"search_term_string"}}],"inLanguage":"da-DK"}]}},"_links":{"self":[{"href":"https:\/\/www.smj.fo\/da\/wp-json\/wp\/v2\/pages\/4513","targetHints":{"allow":["GET"]}}],"collection":[{"href":"https:\/\/www.smj.fo\/da\/wp-json\/wp\/v2\/pages"}],"about":[{"href":"https:\/\/www.smj.fo\/da\/wp-json\/wp\/v2\/types\/page"}],"author":[{"embeddable":true,"href":"https:\/\/www.smj.fo\/da\/wp-json\/wp\/v2\/users\/3"}],"replies":[{"embeddable":true,"href":"https:\/\/www.smj.fo\/da\/wp-json\/wp\/v2\/comments?post=4513"}],"version-history":[{"count":12,"href":"https:\/\/www.smj.fo\/da\/wp-json\/wp\/v2\/pages\/4513\/revisions"}],"predecessor-version":[{"id":7430,"href":"https:\/\/www.smj.fo\/da\/wp-json\/wp\/v2\/pages\/4513\/revisions\/7430"}],"wp:attachment":[{"href":"https:\/\/www.smj.fo\/da\/wp-json\/wp\/v2\/media?parent=4513"}],"curies":[{"name":"wp","href":"https:\/\/api.w.org\/{rel}","templated":true}]}}