{"id":4501,"date":"2023-12-13T13:25:25","date_gmt":"2023-12-13T13:25:25","guid":{"rendered":"https:\/\/www.smj.fo\/?page_id=4501"},"modified":"2024-09-11T11:50:17","modified_gmt":"2024-09-11T10:50:17","slug":"okkara-arbeidsoeki","status":"publish","type":"page","link":"https:\/\/www.smj.fo\/da\/okkara-arbeidsoeki\/","title":{"rendered":"Arbejdsomr\u00e5der"},"content":{"rendered":"\n<div class=\"wp-block-cover alignfull has-parallax has-custom-content-position is-position-bottom-left\" style=\"min-height:613px;aspect-ratio:unset;\"><span aria-hidden=\"true\" class=\"wp-block-cover__background has-background-dim\"><\/span><div class=\"wp-block-cover__image-background wp-image-1525 has-parallax\" style=\"background-position:50% 50%;background-image:url(http:\/\/www.smj.fo\/wp-content\/uploads\/2023\/12\/8.jpg)\"><\/div><div class=\"wp-block-cover__inner-container is-layout-constrained wp-block-cover-is-layout-constrained\">\n<h1 class=\"wp-block-heading\">Arbejdsomr\u00e5der<\/h1>\n<\/div><\/div>\n\n\n\n<div style=\"height:100px\" aria-hidden=\"true\" class=\"wp-block-spacer\"><\/div>\n\n\n\n<p>SMJ R\u00e5dgivende Ingeni\u00f8rer er en af de st\u00f8rste r\u00e5dgivningsfirmaer i F\u00e6r\u00f8erne. Vi tilbyder r\u00e5dgivning inden for vores fem hovedomr\u00e5der: Byggeri, Energi, Akvakultur, Vand og Digitalisering. I mere end 50 \u00e5r har vi enten ledet eller v\u00e6ret en del af store projekter i F\u00e6r\u00f8erne og vores nabolande.<\/p>\n\n\n\n<p>Som samarbejdspartner \u00f8nsker vi at tilbyde en h\u00f8j kvalitetstilknytning til ethvert projekt, vi deltager i, for eksempel ved at vise en energisk tilknytning til de forskellige udviklingsstadier i projektet:<\/p>\n\n\n\n<ol class=\"wp-block-list\">\n<li>Projekteringsfasen &#8211; Processen inden projektet er klar til at starte<\/li>\n\n\n\n<li>L\u00f8bende vurdering og overv\u00e5gning af projektet, mens det er i gang<\/li>\n\n\n\n<li>Kvalitetssikring, hvor vi ser efter, om projektet har n\u00e5et sit m\u00e5l, n\u00e5r det er afsluttet.<\/li>\n<\/ol>\n\n\n\n<p>Med en tv\u00e6rfaglig tilgang kan vi skabe gode rammer for et kvalitetsprojekt, hvor vi l\u00e6gger stor v\u00e6gt p\u00e5 at udvikle b\u00e6redygtige l\u00f8sninger, der tager h\u00f8jde for fremtiden. Vi l\u00e6gger stor v\u00e6gt p\u00e5, at kvaliteten af den service, kunden modtager, er p\u00e5 et h\u00f8jt niveau. Vi \u00f8nsker at forst\u00e5 kunden og hans behov, og ikke g\u00f8re opgaven til noget andet end den er &#8211; fra den st\u00f8rste opgave til den mindste.<\/p>\n\n\n\n<div style=\"height:160px\" aria-hidden=\"true\" class=\"wp-block-spacer\"><\/div>\n","protected":false},"excerpt":{"rendered":"<p>SMJ R\u00e5dgivende Ingeni\u00f8rer er en af de st\u00f8rste r\u00e5dgivningsfirmaer i F\u00e6r\u00f8erne. Vi tilbyder r\u00e5dgivning inden for vores fem hovedomr\u00e5der: Byggeri, Energi, Akvakultur, Vand og Digitalisering. I mere end 50 \u00e5r har vi enten ledet eller v\u00e6ret en del af store projekter i F\u00e6r\u00f8erne og vores nabolande. Som samarbejdspartner \u00f8nsker vi at tilbyde en h\u00f8j kvalitetstilknytning [&hellip;]<\/p>\n","protected":false},"author":3,"featured_media":1526,"parent":0,"menu_order":0,"comment_status":"closed","ping_status":"closed","template":"","meta":{"_acf_changed":false,"footnotes":""},"class_list":["post-4501","page","type-page","status-publish","has-post-thumbnail","hentry"],"acf":[],"yoast_head":"<!-- This site is optimized with the Yoast SEO plugin v27.5 - https:\/\/yoast.com\/product\/yoast-seo-wordpress\/ -->\n<title>Arbejdsomr\u00e5der - SMJ<\/title>\n<meta name=\"robots\" content=\"index, follow, max-snippet:-1, max-image-preview:large, max-video-preview:-1\" \/>\n<link rel=\"canonical\" href=\"https:\/\/www.smj.fo\/da\/okkara-arbeidsoeki\/\" \/>\n<meta property=\"og:locale\" content=\"da_DK\" \/>\n<meta property=\"og:type\" content=\"article\" \/>\n<meta property=\"og:title\" content=\"Arbejdsomr\u00e5der - SMJ\" \/>\n<meta property=\"og:description\" content=\"SMJ R\u00e5dgivende Ingeni\u00f8rer er en af de st\u00f8rste r\u00e5dgivningsfirmaer i F\u00e6r\u00f8erne. Vi tilbyder r\u00e5dgivning inden for vores fem hovedomr\u00e5der: Byggeri, Energi, Akvakultur, Vand og Digitalisering. I mere end 50 \u00e5r har vi enten ledet eller v\u00e6ret en del af store projekter i F\u00e6r\u00f8erne og vores nabolande. Som samarbejdspartner \u00f8nsker vi at tilbyde en h\u00f8j kvalitetstilknytning [&hellip;]\" \/>\n<meta property=\"og:url\" content=\"https:\/\/www.smj.fo\/da\/okkara-arbeidsoeki\/\" \/>\n<meta property=\"og:site_name\" content=\"SMJ\" \/>\n<meta property=\"article:modified_time\" content=\"2024-09-11T10:50:17+00:00\" \/>\n<meta property=\"og:image\" content=\"http:\/\/www.smj.fo\/wp-content\/uploads\/2023\/12\/8-1600x900.jpg\" \/>\n\t<meta property=\"og:image:width\" content=\"1600\" \/>\n\t<meta property=\"og:image:height\" content=\"900\" \/>\n\t<meta property=\"og:image:type\" content=\"image\/jpeg\" \/>\n<meta name=\"twitter:card\" content=\"summary_large_image\" \/>\n<meta name=\"twitter:label1\" content=\"Estimeret l\u00e6setid\" \/>\n\t<meta name=\"twitter:data1\" content=\"2 minutter\" \/>\n<script type=\"application\/ld+json\" class=\"yoast-schema-graph\">{\"@context\":\"https:\\\/\\\/schema.org\",\"@graph\":[{\"@type\":\"WebPage\",\"@id\":\"https:\\\/\\\/www.smj.fo\\\/da\\\/okkara-arbeidsoeki\\\/\",\"url\":\"https:\\\/\\\/www.smj.fo\\\/da\\\/okkara-arbeidsoeki\\\/\",\"name\":\"Arbejdsomr\u00e5der - SMJ\",\"isPartOf\":{\"@id\":\"https:\\\/\\\/www.smj.fo\\\/da\\\/#website\"},\"primaryImageOfPage\":{\"@id\":\"https:\\\/\\\/www.smj.fo\\\/da\\\/okkara-arbeidsoeki\\\/#primaryimage\"},\"image\":{\"@id\":\"https:\\\/\\\/www.smj.fo\\\/da\\\/okkara-arbeidsoeki\\\/#primaryimage\"},\"thumbnailUrl\":\"https:\\\/\\\/www.smj.fo\\\/wp-content\\\/uploads\\\/2023\\\/12\\\/8.jpg\",\"datePublished\":\"2023-12-13T13:25:25+00:00\",\"dateModified\":\"2024-09-11T10:50:17+00:00\",\"breadcrumb\":{\"@id\":\"https:\\\/\\\/www.smj.fo\\\/da\\\/okkara-arbeidsoeki\\\/#breadcrumb\"},\"inLanguage\":\"da-DK\",\"potentialAction\":[{\"@type\":\"ReadAction\",\"target\":[\"https:\\\/\\\/www.smj.fo\\\/da\\\/okkara-arbeidsoeki\\\/\"]}]},{\"@type\":\"ImageObject\",\"inLanguage\":\"da-DK\",\"@id\":\"https:\\\/\\\/www.smj.fo\\\/da\\\/okkara-arbeidsoeki\\\/#primaryimage\",\"url\":\"https:\\\/\\\/www.smj.fo\\\/wp-content\\\/uploads\\\/2023\\\/12\\\/8.jpg\",\"contentUrl\":\"https:\\\/\\\/www.smj.fo\\\/wp-content\\\/uploads\\\/2023\\\/12\\\/8.jpg\",\"width\":8192,\"height\":4608},{\"@type\":\"BreadcrumbList\",\"@id\":\"https:\\\/\\\/www.smj.fo\\\/da\\\/okkara-arbeidsoeki\\\/#breadcrumb\",\"itemListElement\":[{\"@type\":\"ListItem\",\"position\":1,\"name\":\"Home\",\"item\":\"https:\\\/\\\/www.smj.fo\\\/da\\\/\"},{\"@type\":\"ListItem\",\"position\":2,\"name\":\"Arbejdsomr\u00e5der\"}]},{\"@type\":\"WebSite\",\"@id\":\"https:\\\/\\\/www.smj.fo\\\/da\\\/#website\",\"url\":\"https:\\\/\\\/www.smj.fo\\\/da\\\/\",\"name\":\"SMJ\",\"description\":\"\",\"potentialAction\":[{\"@type\":\"SearchAction\",\"target\":{\"@type\":\"EntryPoint\",\"urlTemplate\":\"https:\\\/\\\/www.smj.fo\\\/da\\\/?s={search_term_string}\"},\"query-input\":{\"@type\":\"PropertyValueSpecification\",\"valueRequired\":true,\"valueName\":\"search_term_string\"}}],\"inLanguage\":\"da-DK\"}]}<\/script>\n<!-- \/ Yoast SEO plugin. -->","yoast_head_json":{"title":"Arbejdsomr\u00e5der - SMJ","robots":{"index":"index","follow":"follow","max-snippet":"max-snippet:-1","max-image-preview":"max-image-preview:large","max-video-preview":"max-video-preview:-1"},"canonical":"https:\/\/www.smj.fo\/da\/okkara-arbeidsoeki\/","og_locale":"da_DK","og_type":"article","og_title":"Arbejdsomr\u00e5der - SMJ","og_description":"SMJ R\u00e5dgivende Ingeni\u00f8rer er en af de st\u00f8rste r\u00e5dgivningsfirmaer i F\u00e6r\u00f8erne. Vi tilbyder r\u00e5dgivning inden for vores fem hovedomr\u00e5der: Byggeri, Energi, Akvakultur, Vand og Digitalisering. I mere end 50 \u00e5r har vi enten ledet eller v\u00e6ret en del af store projekter i F\u00e6r\u00f8erne og vores nabolande. Som samarbejdspartner \u00f8nsker vi at tilbyde en h\u00f8j kvalitetstilknytning [&hellip;]","og_url":"https:\/\/www.smj.fo\/da\/okkara-arbeidsoeki\/","og_site_name":"SMJ","article_modified_time":"2024-09-11T10:50:17+00:00","og_image":[{"width":1600,"height":900,"url":"http:\/\/www.smj.fo\/wp-content\/uploads\/2023\/12\/8-1600x900.jpg","type":"image\/jpeg"}],"twitter_card":"summary_large_image","twitter_misc":{"Estimeret l\u00e6setid":"2 minutter"},"schema":{"@context":"https:\/\/schema.org","@graph":[{"@type":"WebPage","@id":"https:\/\/www.smj.fo\/da\/okkara-arbeidsoeki\/","url":"https:\/\/www.smj.fo\/da\/okkara-arbeidsoeki\/","name":"Arbejdsomr\u00e5der - SMJ","isPartOf":{"@id":"https:\/\/www.smj.fo\/da\/#website"},"primaryImageOfPage":{"@id":"https:\/\/www.smj.fo\/da\/okkara-arbeidsoeki\/#primaryimage"},"image":{"@id":"https:\/\/www.smj.fo\/da\/okkara-arbeidsoeki\/#primaryimage"},"thumbnailUrl":"https:\/\/www.smj.fo\/wp-content\/uploads\/2023\/12\/8.jpg","datePublished":"2023-12-13T13:25:25+00:00","dateModified":"2024-09-11T10:50:17+00:00","breadcrumb":{"@id":"https:\/\/www.smj.fo\/da\/okkara-arbeidsoeki\/#breadcrumb"},"inLanguage":"da-DK","potentialAction":[{"@type":"ReadAction","target":["https:\/\/www.smj.fo\/da\/okkara-arbeidsoeki\/"]}]},{"@type":"ImageObject","inLanguage":"da-DK","@id":"https:\/\/www.smj.fo\/da\/okkara-arbeidsoeki\/#primaryimage","url":"https:\/\/www.smj.fo\/wp-content\/uploads\/2023\/12\/8.jpg","contentUrl":"https:\/\/www.smj.fo\/wp-content\/uploads\/2023\/12\/8.jpg","width":8192,"height":4608},{"@type":"BreadcrumbList","@id":"https:\/\/www.smj.fo\/da\/okkara-arbeidsoeki\/#breadcrumb","itemListElement":[{"@type":"ListItem","position":1,"name":"Home","item":"https:\/\/www.smj.fo\/da\/"},{"@type":"ListItem","position":2,"name":"Arbejdsomr\u00e5der"}]},{"@type":"WebSite","@id":"https:\/\/www.smj.fo\/da\/#website","url":"https:\/\/www.smj.fo\/da\/","name":"SMJ","description":"","potentialAction":[{"@type":"SearchAction","target":{"@type":"EntryPoint","urlTemplate":"https:\/\/www.smj.fo\/da\/?s={search_term_string}"},"query-input":{"@type":"PropertyValueSpecification","valueRequired":true,"valueName":"search_term_string"}}],"inLanguage":"da-DK"}]}},"_links":{"self":[{"href":"https:\/\/www.smj.fo\/da\/wp-json\/wp\/v2\/pages\/4501","targetHints":{"allow":["GET"]}}],"collection":[{"href":"https:\/\/www.smj.fo\/da\/wp-json\/wp\/v2\/pages"}],"about":[{"href":"https:\/\/www.smj.fo\/da\/wp-json\/wp\/v2\/types\/page"}],"author":[{"embeddable":true,"href":"https:\/\/www.smj.fo\/da\/wp-json\/wp\/v2\/users\/3"}],"replies":[{"embeddable":true,"href":"https:\/\/www.smj.fo\/da\/wp-json\/wp\/v2\/comments?post=4501"}],"version-history":[{"count":5,"href":"https:\/\/www.smj.fo\/da\/wp-json\/wp\/v2\/pages\/4501\/revisions"}],"predecessor-version":[{"id":7918,"href":"https:\/\/www.smj.fo\/da\/wp-json\/wp\/v2\/pages\/4501\/revisions\/7918"}],"wp:featuredmedia":[{"embeddable":true,"href":"https:\/\/www.smj.fo\/da\/wp-json\/wp\/v2\/media\/1526"}],"wp:attachment":[{"href":"https:\/\/www.smj.fo\/da\/wp-json\/wp\/v2\/media?parent=4501"}],"curies":[{"name":"wp","href":"https:\/\/api.w.org\/{rel}","templated":true}]}}