{"id":4378,"date":"2023-12-13T11:58:19","date_gmt":"2023-12-13T11:58:19","guid":{"rendered":"https:\/\/www.smj.fo\/?page_id=4378"},"modified":"2024-09-20T10:43:33","modified_gmt":"2024-09-20T09:43:33","slug":"historien","status":"publish","type":"page","link":"https:\/\/www.smj.fo\/da\/historien\/","title":{"rendered":"Historien"},"content":{"rendered":"\n<div class=\"wp-block-cover alignfull has-parallax has-custom-content-position is-position-bottom-left\" style=\"min-height:537px;aspect-ratio:unset;\"><span aria-hidden=\"true\" class=\"wp-block-cover__background has-background-dim\"><\/span><div class=\"wp-block-cover__image-background wp-image-1413 has-parallax\" style=\"background-position:50% 50%;background-image:url(https:\/\/www.smj.fo\/wp-content\/uploads\/2023\/12\/IMG_0481.jpg)\"><\/div><div class=\"wp-block-cover__inner-container is-layout-constrained wp-block-cover-is-layout-constrained\">\n<h1 class=\"wp-block-heading\">Historien<\/h1>\n\n\n\n<p>SMJ&#8217;s rejse er historien om en virksomhed, der har udviklet sig og vokset gennem \u00e5rene. Fra vores beskedne begyndelser til at blive en af de f\u00f8rende r\u00e5dgivende ingeni\u00f8rfirmaer, har vores vej v\u00e6ret pr\u00e6get af engagement, innovation og et konstant \u00f8nske om at forbedre og udvide vores tjenester.<\/p>\n<\/div><\/div>\n\n\n\n<div class=\"wp-block-columns is-layout-flex wp-container-core-columns-is-layout-9d6595d7 wp-block-columns-is-layout-flex\">\n<div class=\"wp-block-column is-layout-flow wp-block-column-is-layout-flow\">\n<div style=\"height:30px\" aria-hidden=\"true\" class=\"wp-block-spacer\"><\/div>\n\n\n\n<h2 class=\"wp-block-heading\">Rejsen<\/h2>\n\n\n\n<p>Grundlagt i F\u00e6r\u00f8erne, har vi udvidet vores r\u00e6kkevidde og p\u00e5virkning til at omfatte flere nordiske lande, herunder Danmark, Island, Norge og Gr\u00f8nland. Gennem \u00e5rene har vi ikke kun \u00f8get vores geografiske fodaftryk, men ogs\u00e5 udvidet vores ekspertiseomr\u00e5der. Fra at fokusere p\u00e5 grundl\u00e6ggende ingeni\u00f8rtjenester som HVAC og vandforsyning, har vi udviklet os til at omfatte en bred vifte af specialiserede tjenester, herunder b\u00e6redygtigt design, energieffektivisering og avanceret IT- og datah\u00e5ndtering.<\/p>\n\n\n\n<p>Vores rejse er ogs\u00e5 historien om vores medarbejdere, hvis dedikation og ekspertise har v\u00e6ret n\u00f8glen til vores succes. Vi har altid prioriteret at udvikle og st\u00f8tte vores team, hvilket har resulteret i et st\u00e6rkt, tv\u00e6rfagligt samarbejde og en kultur af l\u00f8bende l\u00e6ring og innovation.<\/p>\n\n\n\n<div style=\"height:30px\" aria-hidden=\"true\" class=\"wp-block-spacer\"><\/div>\n\n\n\n<h2 class=\"wp-block-heading\">Historien<\/h2>\n\n\n\n<p>I august 1969 blev virksomheden <em>S. M. Jakobsen R\u00e5dgivende ingeni\u00f8r<\/em> grundlagt af Sofus Martin Jakobsen. Sofus, der oprindeligt var fra Klaksv\u00edk p\u00e5 F\u00e6r\u00f8erne, havde opn\u00e5et v\u00e6rdifuld erfaring og viden gennem studier og arbejde i udlandet, is\u00e6r p\u00e5 Polyteknisk Institut i K\u00f8benhavn.<\/p>\n\n\n\n<p>Firmaets m\u00e5l var enkelt, men ambiti\u00f8st: at tilbyde h\u00f8jkvalitets ingeni\u00f8rr\u00e5dgivning, der er skr\u00e6ddersyet til de unikke milj\u00f8m\u00e6ssige og praktiske behov p\u00e5 F\u00e6r\u00f8erne. Denne tilgang var innovativ p\u00e5 det tidspunkt, is\u00e6r p\u00e5 F\u00e6r\u00f8erne, og Sofus fik hurtigt et godt ry for sig selv og sin virksomhed i den lokale r\u00e5dgivningsbranche.<\/p>\n\n\n\n<p>S. M. Jakobsens tidlige fokus var p\u00e5 projekter relateret til VVS, vandforsyning og milj\u00f8indsatser. Efterh\u00e5nden som firmaet voksede, udvidede det sine tjenester til at inkludere VVS og ventilation, idet det tilpassede sig til sine kunders voksende og skiftende behov.<\/p>\n\n\n\n<div class=\"wp-block-media-text has-media-on-the-right is-stacked-on-mobile is-style-default\"><div class=\"wp-block-media-text__content\">\n<p>I august 1969 blev S. M. Jakobsen R\u00e5dgivende ingeni\u00f8r grundlagt af Sofus Martin Jakobsen.<\/p>\n<\/div><figure class=\"wp-block-media-text__media\"><img loading=\"lazy\" decoding=\"async\" width=\"222\" height=\"285\" src=\"http:\/\/www.smj.fo\/wp-content\/uploads\/2023\/12\/Sofus.jpg.png\" alt=\"\" class=\"wp-image-1440 size-full\"\/><\/figure><\/div>\n\n\n\n<p>Firmaets f\u00f8rste store projekt var sportshallen p\u00e5 H\u00e1lsi, som blev efterfulgt af flere betydningsfulde projekter i 1970&#8217;erne. Disse omfattede uddannelsesinstitutioner, sundhedsfaciliteter og opf\u00f8relsen af et broadcastingshus. En af Sofus&#8217; st\u00f8rste bidrag i 1980&#8217;erne var r\u00e5dgivning om det nye vandv\u00e6rk i Villingadal.<\/p>\n\n\n\n<p>I 1982 blev virksomheden en familieaff\u00e6re med oprettelsen af P\/F Sofus M. Jakobsen Consulting Engineers. I 1987 kom Sofus\u2019 s\u00f8n, \u00c1rni Jakobsen, ind i firmaet, hvilket markerede begyndelsen p\u00e5 en ny \u00e6ra. Slutningen af 1980&#8217;erne s\u00e5 firmaet n\u00e5 sit h\u00f8jdepunkt i form af medarbejdere og projekter, men dette blev efterfulgt af en udfordrende periode i starten af 1990&#8217;erne p\u00e5 grund af \u00f8konomisk nedgang.<\/p>\n\n\n\n<p>Virksomheden udholdt dog og genvandt gradvist sin fremdrift. 1990&#8217;erne og starten af 2000&#8217;erne var pr\u00e6get af betydelig v\u00e6kst og diversificering i tjenester, herunder st\u00f8rre projekter som udvidelsen af Hospitalet i T\u00f3rshavn og opf\u00f8relsen af det nye byggeri for televirksomheden, F\u00f8roya Tele.<\/p>\n\n\n\n<p><\/p>\n<\/div>\n\n\n\n<div class=\"wp-block-column is-layout-flow wp-block-column-is-layout-flow\">\n<div style=\"height:110px\" aria-hidden=\"true\" class=\"wp-block-spacer\"><\/div>\n\n\n\n<div class=\"wp-block-media-text has-media-on-the-right is-stacked-on-mobile\"><div class=\"wp-block-media-text__content\">\n<p>I 2003 overtog \u00c1rni rollen som administrerende direkt\u00f8r. P\u00e5 billedet ses virksomhedens grundl\u00e6gger, Sofus M. Jakobsen, og s\u00f8nnen, \u00c1rni Jakobsen.<\/p>\n<\/div><figure class=\"wp-block-media-text__media\"><img loading=\"lazy\" decoding=\"async\" width=\"225\" height=\"300\" src=\"http:\/\/www.smj.fo\/wp-content\/uploads\/2023\/12\/P1010042-e1666643578738-225x300-1.jpg\" alt=\"\" class=\"wp-image-1460 size-full\"\/><\/figure><\/div>\n\n\n\n<p>I 2007 flyttede firmaet til st\u00f8rre lokaler for at rumme sin v\u00e6kst. Opk\u00f8bet af <br>KJ-Elr\u00e5d i 2013 udvidede yderligere firmaets tjenester inden for elteknik og brandsikkerhedsr\u00e5dgivning.<\/p>\n\n\n\n<p>I de senere \u00e5r har SMJ bev\u00e6get sig ind i akvakultursektoren og bidraget betydeligt til udviklingen af f\u00e6r\u00f8sk lakseopdr\u00e6t. Denne nye retning understreger firmaets tilpasningsevne og ekspertise i forskellige omr\u00e5der.<\/p>\n\n\n\n<p>I 2014 kom \u00c1rni&#8217;s s\u00f8n, P\u00e6tur Jakobsen, til firmaet, og under hans ledelse har SMJ v\u00e6ret involveret i st\u00f8rre akvakulturprojekter. Firmaet gennemgik ogs\u00e5 en rebranding, fra P\/F Sofus M. Jakobsen Consulting Engineers til SMJ Consulting Engineers.<\/p>\n\n\n\n<p>Tilf\u00f8jelsen af Johan J. Joensen i 2018 som projektleder og senere som afdelingsleder markerede endnu en fase af v\u00e6kst og udvikling for firmaet.<\/p>\n\n\n\n<p>I 2019 flyttede SMJ til sit nuv\u00e6rende hoveds\u00e6de p\u00e5 Hoyv\u00edksvegur 5 i T\u00f3rshavn. Foruden hoveds\u00e6det, s\u00e5 har virksomheden i dag afdelinger i Klaksv\u00edk og K\u00f8benhavn.<\/p>\n\n\n\n<p>I dag har SMJ en diversificeret portef\u00f8lje, der inkluderer sundhedspleje, energi, uddannelse og mere. Med kontorer p\u00e5 F\u00e6r\u00f8erne og i K\u00f8benhavn udvider firmaet nu sin ekspertise ud over lokale projekter til projekter i nabolandene. I 2022 skete et generationsskifte, hvor P\u00e6tur Jakobsen og Johan J. Joensen tr\u00e5dte ind i ledende roller, og \u00c1rni blev formand, hvilket markerede et nyt kapitel i firmaets langvarige arv.<\/p>\n\n\n\n<figure class=\"wp-block-image size-full\"><img loading=\"lazy\" decoding=\"async\" width=\"1600\" height=\"1067\" src=\"http:\/\/www.smj.fo\/wp-content\/uploads\/2023\/12\/23sep22_B3A3117.jpg\" alt=\"\" class=\"wp-image-1455\" srcset=\"https:\/\/www.smj.fo\/wp-content\/uploads\/2023\/12\/23sep22_B3A3117.jpg 1600w, https:\/\/www.smj.fo\/wp-content\/uploads\/2023\/12\/23sep22_B3A3117-800x534.jpg 800w, https:\/\/www.smj.fo\/wp-content\/uploads\/2023\/12\/23sep22_B3A3117-768x512.jpg 768w, https:\/\/www.smj.fo\/wp-content\/uploads\/2023\/12\/23sep22_B3A3117-1536x1024.jpg 1536w\" sizes=\"auto, (max-width: 1600px) 100vw, 1600px\" \/><\/figure>\n\n\n\n<div style=\"height:100px\" aria-hidden=\"true\" class=\"wp-block-spacer\"><\/div>\n<\/div>\n<\/div>\n","protected":false},"excerpt":{"rendered":"<p>Rejsen Grundlagt i F\u00e6r\u00f8erne, har vi udvidet vores r\u00e6kkevidde og p\u00e5virkning til at omfatte flere nordiske lande, herunder Danmark, Island, Norge og Gr\u00f8nland. Gennem \u00e5rene har vi ikke kun \u00f8get vores geografiske fodaftryk, men ogs\u00e5 udvidet vores ekspertiseomr\u00e5der. Fra at fokusere p\u00e5 grundl\u00e6ggende ingeni\u00f8rtjenester som HVAC og vandforsyning, har vi udviklet os til at omfatte [&hellip;]<\/p>\n","protected":false},"author":3,"featured_media":1418,"parent":0,"menu_order":0,"comment_status":"closed","ping_status":"closed","template":"","meta":{"_acf_changed":false,"footnotes":""},"class_list":["post-4378","page","type-page","status-publish","has-post-thumbnail","hentry"],"acf":[],"yoast_head":"<!-- This site is optimized with the Yoast SEO plugin v27.4 - https:\/\/yoast.com\/product\/yoast-seo-wordpress\/ -->\n<title>Historien - SMJ<\/title>\n<meta name=\"robots\" content=\"index, follow, max-snippet:-1, max-image-preview:large, max-video-preview:-1\" \/>\n<link rel=\"canonical\" href=\"https:\/\/www.smj.fo\/da\/historien\/\" \/>\n<meta property=\"og:locale\" content=\"da_DK\" \/>\n<meta property=\"og:type\" content=\"article\" \/>\n<meta property=\"og:title\" content=\"Historien - SMJ\" \/>\n<meta property=\"og:description\" content=\"Rejsen Grundlagt i F\u00e6r\u00f8erne, har vi udvidet vores r\u00e6kkevidde og p\u00e5virkning til at omfatte flere nordiske lande, herunder Danmark, Island, Norge og Gr\u00f8nland. Gennem \u00e5rene har vi ikke kun \u00f8get vores geografiske fodaftryk, men ogs\u00e5 udvidet vores ekspertiseomr\u00e5der. Fra at fokusere p\u00e5 grundl\u00e6ggende ingeni\u00f8rtjenester som HVAC og vandforsyning, har vi udviklet os til at omfatte [&hellip;]\" \/>\n<meta property=\"og:url\" content=\"https:\/\/www.smj.fo\/da\/historien\/\" \/>\n<meta property=\"og:site_name\" content=\"SMJ\" \/>\n<meta property=\"article:modified_time\" content=\"2024-09-20T09:43:33+00:00\" \/>\n<meta property=\"og:image\" content=\"http:\/\/www.smj.fo\/wp-content\/uploads\/2023\/12\/IMG_0481-1.jpg\" \/>\n\t<meta property=\"og:image:width\" content=\"3472\" \/>\n\t<meta property=\"og:image:height\" content=\"873\" \/>\n\t<meta property=\"og:image:type\" content=\"image\/jpeg\" \/>\n<meta name=\"twitter:card\" content=\"summary_large_image\" \/>\n<meta name=\"twitter:label1\" content=\"Estimeret l\u00e6setid\" \/>\n\t<meta name=\"twitter:data1\" content=\"5 minutter\" \/>\n<script type=\"application\/ld+json\" class=\"yoast-schema-graph\">{\"@context\":\"https:\\\/\\\/schema.org\",\"@graph\":[{\"@type\":\"WebPage\",\"@id\":\"https:\\\/\\\/www.smj.fo\\\/da\\\/historien\\\/\",\"url\":\"https:\\\/\\\/www.smj.fo\\\/da\\\/historien\\\/\",\"name\":\"Historien - SMJ\",\"isPartOf\":{\"@id\":\"https:\\\/\\\/www.smj.fo\\\/da\\\/#website\"},\"primaryImageOfPage\":{\"@id\":\"https:\\\/\\\/www.smj.fo\\\/da\\\/historien\\\/#primaryimage\"},\"image\":{\"@id\":\"https:\\\/\\\/www.smj.fo\\\/da\\\/historien\\\/#primaryimage\"},\"thumbnailUrl\":\"https:\\\/\\\/www.smj.fo\\\/wp-content\\\/uploads\\\/2023\\\/12\\\/IMG_0481-1.jpg\",\"datePublished\":\"2023-12-13T11:58:19+00:00\",\"dateModified\":\"2024-09-20T09:43:33+00:00\",\"breadcrumb\":{\"@id\":\"https:\\\/\\\/www.smj.fo\\\/da\\\/historien\\\/#breadcrumb\"},\"inLanguage\":\"da-DK\",\"potentialAction\":[{\"@type\":\"ReadAction\",\"target\":[\"https:\\\/\\\/www.smj.fo\\\/da\\\/historien\\\/\"]}]},{\"@type\":\"ImageObject\",\"inLanguage\":\"da-DK\",\"@id\":\"https:\\\/\\\/www.smj.fo\\\/da\\\/historien\\\/#primaryimage\",\"url\":\"https:\\\/\\\/www.smj.fo\\\/wp-content\\\/uploads\\\/2023\\\/12\\\/IMG_0481-1.jpg\",\"contentUrl\":\"https:\\\/\\\/www.smj.fo\\\/wp-content\\\/uploads\\\/2023\\\/12\\\/IMG_0481-1.jpg\",\"width\":3472,\"height\":873},{\"@type\":\"BreadcrumbList\",\"@id\":\"https:\\\/\\\/www.smj.fo\\\/da\\\/historien\\\/#breadcrumb\",\"itemListElement\":[{\"@type\":\"ListItem\",\"position\":1,\"name\":\"Home\",\"item\":\"https:\\\/\\\/www.smj.fo\\\/da\\\/\"},{\"@type\":\"ListItem\",\"position\":2,\"name\":\"Historien\"}]},{\"@type\":\"WebSite\",\"@id\":\"https:\\\/\\\/www.smj.fo\\\/da\\\/#website\",\"url\":\"https:\\\/\\\/www.smj.fo\\\/da\\\/\",\"name\":\"SMJ\",\"description\":\"\",\"potentialAction\":[{\"@type\":\"SearchAction\",\"target\":{\"@type\":\"EntryPoint\",\"urlTemplate\":\"https:\\\/\\\/www.smj.fo\\\/da\\\/?s={search_term_string}\"},\"query-input\":{\"@type\":\"PropertyValueSpecification\",\"valueRequired\":true,\"valueName\":\"search_term_string\"}}],\"inLanguage\":\"da-DK\"}]}<\/script>\n<!-- \/ Yoast SEO plugin. -->","yoast_head_json":{"title":"Historien - SMJ","robots":{"index":"index","follow":"follow","max-snippet":"max-snippet:-1","max-image-preview":"max-image-preview:large","max-video-preview":"max-video-preview:-1"},"canonical":"https:\/\/www.smj.fo\/da\/historien\/","og_locale":"da_DK","og_type":"article","og_title":"Historien - SMJ","og_description":"Rejsen Grundlagt i F\u00e6r\u00f8erne, har vi udvidet vores r\u00e6kkevidde og p\u00e5virkning til at omfatte flere nordiske lande, herunder Danmark, Island, Norge og Gr\u00f8nland. Gennem \u00e5rene har vi ikke kun \u00f8get vores geografiske fodaftryk, men ogs\u00e5 udvidet vores ekspertiseomr\u00e5der. Fra at fokusere p\u00e5 grundl\u00e6ggende ingeni\u00f8rtjenester som HVAC og vandforsyning, har vi udviklet os til at omfatte [&hellip;]","og_url":"https:\/\/www.smj.fo\/da\/historien\/","og_site_name":"SMJ","article_modified_time":"2024-09-20T09:43:33+00:00","og_image":[{"width":3472,"height":873,"url":"http:\/\/www.smj.fo\/wp-content\/uploads\/2023\/12\/IMG_0481-1.jpg","type":"image\/jpeg"}],"twitter_card":"summary_large_image","twitter_misc":{"Estimeret l\u00e6setid":"5 minutter"},"schema":{"@context":"https:\/\/schema.org","@graph":[{"@type":"WebPage","@id":"https:\/\/www.smj.fo\/da\/historien\/","url":"https:\/\/www.smj.fo\/da\/historien\/","name":"Historien - SMJ","isPartOf":{"@id":"https:\/\/www.smj.fo\/da\/#website"},"primaryImageOfPage":{"@id":"https:\/\/www.smj.fo\/da\/historien\/#primaryimage"},"image":{"@id":"https:\/\/www.smj.fo\/da\/historien\/#primaryimage"},"thumbnailUrl":"https:\/\/www.smj.fo\/wp-content\/uploads\/2023\/12\/IMG_0481-1.jpg","datePublished":"2023-12-13T11:58:19+00:00","dateModified":"2024-09-20T09:43:33+00:00","breadcrumb":{"@id":"https:\/\/www.smj.fo\/da\/historien\/#breadcrumb"},"inLanguage":"da-DK","potentialAction":[{"@type":"ReadAction","target":["https:\/\/www.smj.fo\/da\/historien\/"]}]},{"@type":"ImageObject","inLanguage":"da-DK","@id":"https:\/\/www.smj.fo\/da\/historien\/#primaryimage","url":"https:\/\/www.smj.fo\/wp-content\/uploads\/2023\/12\/IMG_0481-1.jpg","contentUrl":"https:\/\/www.smj.fo\/wp-content\/uploads\/2023\/12\/IMG_0481-1.jpg","width":3472,"height":873},{"@type":"BreadcrumbList","@id":"https:\/\/www.smj.fo\/da\/historien\/#breadcrumb","itemListElement":[{"@type":"ListItem","position":1,"name":"Home","item":"https:\/\/www.smj.fo\/da\/"},{"@type":"ListItem","position":2,"name":"Historien"}]},{"@type":"WebSite","@id":"https:\/\/www.smj.fo\/da\/#website","url":"https:\/\/www.smj.fo\/da\/","name":"SMJ","description":"","potentialAction":[{"@type":"SearchAction","target":{"@type":"EntryPoint","urlTemplate":"https:\/\/www.smj.fo\/da\/?s={search_term_string}"},"query-input":{"@type":"PropertyValueSpecification","valueRequired":true,"valueName":"search_term_string"}}],"inLanguage":"da-DK"}]}},"_links":{"self":[{"href":"https:\/\/www.smj.fo\/da\/wp-json\/wp\/v2\/pages\/4378","targetHints":{"allow":["GET"]}}],"collection":[{"href":"https:\/\/www.smj.fo\/da\/wp-json\/wp\/v2\/pages"}],"about":[{"href":"https:\/\/www.smj.fo\/da\/wp-json\/wp\/v2\/types\/page"}],"author":[{"embeddable":true,"href":"https:\/\/www.smj.fo\/da\/wp-json\/wp\/v2\/users\/3"}],"replies":[{"embeddable":true,"href":"https:\/\/www.smj.fo\/da\/wp-json\/wp\/v2\/comments?post=4378"}],"version-history":[{"count":9,"href":"https:\/\/www.smj.fo\/da\/wp-json\/wp\/v2\/pages\/4378\/revisions"}],"predecessor-version":[{"id":7980,"href":"https:\/\/www.smj.fo\/da\/wp-json\/wp\/v2\/pages\/4378\/revisions\/7980"}],"wp:featuredmedia":[{"embeddable":true,"href":"https:\/\/www.smj.fo\/da\/wp-json\/wp\/v2\/media\/1418"}],"wp:attachment":[{"href":"https:\/\/www.smj.fo\/da\/wp-json\/wp\/v2\/media?parent=4378"}],"curies":[{"name":"wp","href":"https:\/\/api.w.org\/{rel}","templated":true}]}}